{"id":2,"date":"2021-09-21T20:35:06","date_gmt":"2021-09-21T20:35:06","guid":{"rendered":"https:\/\/blogs.ugto.mx\/bachilleratovirtual\/?page_id=2"},"modified":"2022-08-25T21:41:08","modified_gmt":"2022-08-25T21:41:08","slug":"pagina-ejemplo","status":"publish","type":"page","link":"https:\/\/blogs.ugto.mx\/bachilleratovirtual\/","title":{"rendered":"Universidad de Guanajuato"},"content":{"rendered":"\n<div class=\"wp-block-cover is-light\" style=\"min-height:314px;aspect-ratio:unset;\"><span aria-hidden=\"true\" class=\"wp-block-cover__background has-background-dim-40 has-background-dim\"><\/span><img decoding=\"async\" class=\"wp-block-cover__image-background wp-image-337\" alt=\"\" src=\"data:image\/gif;base64,R0lGODlhAQABAIAAAAAAAP\/\/\/yH5BAEAAAAALAAAAAABAAEAAAIBRAA7\" data-src=\"https:\/\/blogs.ugto.mx\/bachilleratovirtual\/wp-content\/uploads\/sites\/69\/2021\/11\/bjjskbtoy34-1024x682.jpg\" style=\"object-position:46% 55%\" data-object-fit=\"cover\" data-object-position=\"46% 55%\" \/><noscript><img loading=\"lazy\" decoding=\"async\" width=\"1024\" height=\"682\" class=\"wp-block-cover__image-background wp-image-337\" alt=\"\" src=\"https:\/\/blogs.ugto.mx\/bachilleratovirtual\/wp-content\/uploads\/sites\/69\/2021\/11\/bjjskbtoy34-1024x682.jpg\" style=\"object-position:46% 55%\" data-object-fit=\"cover\" data-object-position=\"46% 55%\" srcset=\"https:\/\/blogs.ugto.mx\/bachilleratovirtual\/wp-content\/uploads\/sites\/69\/2021\/11\/bjjskbtoy34-1024x682.jpg 1024w, https:\/\/blogs.ugto.mx\/bachilleratovirtual\/wp-content\/uploads\/sites\/69\/2021\/11\/bjjskbtoy34-300x200.jpg 300w, https:\/\/blogs.ugto.mx\/bachilleratovirtual\/wp-content\/uploads\/sites\/69\/2021\/11\/bjjskbtoy34-768x512.jpg 768w, https:\/\/blogs.ugto.mx\/bachilleratovirtual\/wp-content\/uploads\/sites\/69\/2021\/11\/bjjskbtoy34-1536x1023.jpg 1536w, https:\/\/blogs.ugto.mx\/bachilleratovirtual\/wp-content\/uploads\/sites\/69\/2021\/11\/bjjskbtoy34-272x182.jpg 272w, https:\/\/blogs.ugto.mx\/bachilleratovirtual\/wp-content\/uploads\/sites\/69\/2021\/11\/bjjskbtoy34.jpg 1600w\" sizes=\"auto, (max-width: 1024px) 100vw, 1024px\" \/><\/noscript><div class=\"wp-block-cover__inner-container is-layout-flow wp-block-cover-is-layout-flow\">\n<p class=\"has-base-3-color has-text-color has-large-font-size wp-block-paragraph\">Contenidos did\u00e1cticos digitales de<br>las unidades de aprendizaje<\/p>\n<\/div><\/div>\n\n\n\n<p class=\"has-medium-font-size wp-block-paragraph\">En este apartado encontrar\u00e1s diversos contenidos did\u00e1cticos asociados a las experiencias educativas que conforman el programa educativo de nivel medio.<\/p>\n\n\n\n<div class=\"wp-block-columns is-layout-flex wp-container-core-columns-is-layout-8f761849 wp-block-columns-is-layout-flex\">\n<div class=\"wp-block-column is-layout-flow wp-block-column-is-layout-flow\">\n<h2 class=\"wp-block-heading\">Inducci\u00f3n<\/h2>\n\n\n\n<p class=\"wp-block-paragraph\"><a href=\"https:\/\/blogs.ugto.mx\/bachilleratovirtual\/unidad-de-aprendizaje\/modulo-habilidades-para-el-aprendizaje-y-habilidades-digitales\/\">Habilidades para el aprendizaje y habilidades digitales<\/a><\/p>\n\n\n\n<h2 class=\"wp-block-heading\">Bloque 1<\/h2>\n\n\n\n<p class=\"wp-block-paragraph\"><a href=\"https:\/\/blogs.ugto.mx\/bachilleratovirtual\/unidad-de-aprendizaje\/bloque-1\/uda-comunicacion-i\/\">Comunicaci\u00f3n I<\/a><\/p>\n\n\n\n<p class=\"wp-block-paragraph\"><a href=\"https:\/\/blogs.ugto.mx\/bachilleratovirtual\/unidad-de-aprendizaje\/uda-pensamiento-logico\/\">Pensamiento l\u00f3gico<\/a><\/p>\n\n\n\n<h2 class=\"wp-block-heading\">Bloque 2<\/h2>\n\n\n\n<p class=\"wp-block-paragraph\"><a href=\"https:\/\/blogs.ugto.mx\/bachilleratovirtual\/unidad-de-aprendizaje\/uda-ingles-a\/\">Ingl\u00e9s A<\/a><\/p>\n\n\n\n<p class=\"wp-block-paragraph\"><a href=\"https:\/\/blogs.ugto.mx\/bachilleratovirtual\/unidad-de-aprendizaje\/uda-comunicacion-oral-y-escrita-ii\/\">Comunicaci\u00f3n II<\/a><\/p>\n\n\n\n<h2 class=\"wp-block-heading\">Bloque 3<\/h2>\n\n\n\n<p class=\"wp-block-paragraph\"><a href=\"https:\/\/blogs.ugto.mx\/bachilleratovirtual\/unidad-de-aprendizaje\/bloque-3\/uda-ingles-b\/\" target=\"_blank\" rel=\"noreferrer noopener\">Ingl\u00e9s B<\/a><\/p>\n\n\n\n<p class=\"wp-block-paragraph\"><a href=\"https:\/\/blogs.ugto.mx\/bachilleratovirtual\/unidad-de-aprendizaje\/bloque-3\/matematicas-i\/\" target=\"_blank\" rel=\"noreferrer noopener\">Matem\u00e1ticas I<\/a><\/p>\n\n\n\n<h2 class=\"wp-block-heading\">Bloque 4<\/h2>\n\n\n\n<p class=\"wp-block-paragraph\">Ingl\u00e9s C<\/p>\n\n\n\n<p class=\"wp-block-paragraph\"><a href=\"https:\/\/blogs.ugto.mx\/bachilleratovirtual\/unidad-de-aprendizaje\/bloque-4\/uda-ciencias-i-quimica-y-biologia\/\" target=\"_blank\" rel=\"noreferrer noopener\">Ciencias I<\/a><\/p>\n\n\n\n<h2 class=\"wp-block-heading\">Bloque 5<\/h2>\n\n\n\n<p class=\"wp-block-paragraph\">Tecnolog\u00edas de la informaci\u00f3n y comunicaci\u00f3n<\/p>\n\n\n\n<p class=\"wp-block-paragraph\"><a href=\"https:\/\/blogs.ugto.mx\/bachilleratovirtual\/unidad-de-aprendizaje\/bloque-5\/uda-matematicas-ii-geometria-y-estadistica\/\" target=\"_blank\" rel=\"noreferrer noopener\">Matem\u00e1ticas II<\/a><\/p>\n\n\n\n<h2 class=\"wp-block-heading\">Bloque 6<\/h2>\n\n\n\n<p class=\"wp-block-paragraph\">Ciencias II<\/p>\n\n\n\n<p class=\"wp-block-paragraph\"><a href=\"https:\/\/blogs.ugto.mx\/bachilleratovirtual\/unidad-de-aprendizaje\/bloque-3\/uda-desarrollo-personal\/\" target=\"_blank\" rel=\"noreferrer noopener\">Desarrollo de personal<\/a><\/p>\n\n\n\n<h2 class=\"wp-block-heading\">Bloque 7<\/h2>\n\n\n\n<p class=\"wp-block-paragraph\">\u00c9tica sustentable<\/p>\n\n\n\n<p class=\"wp-block-paragraph\">Principios de administraci\u00f3n<\/p>\n<\/div>\n\n\n\n<div class=\"wp-block-column is-layout-flow wp-block-column-is-layout-flow\">\n<h2 class=\"wp-block-heading\">Bloque 8<\/h2>\n\n\n\n<p class=\"wp-block-paragraph\">Desarrollo hist\u00f3rico y social M\u00e9xico &#8211; Estados Unidos<\/p>\n\n\n\n<p class=\"wp-block-paragraph\">Ciudadan\u00eda y su marco legal<\/p>\n\n\n\n<h2 class=\"wp-block-heading\">Bloque 9<\/h2>\n\n\n\n<p class=\"wp-block-paragraph\">Identidad y cultura<\/p>\n\n\n\n<p class=\"wp-block-paragraph\">Gesti\u00f3n de la calidad<\/p>\n\n\n\n<h2 class=\"wp-block-heading\">Bloque 10<\/h2>\n\n\n\n<p class=\"wp-block-paragraph\">Interculturalidad y relaciones interpersonales<\/p>\n\n\n\n<p class=\"wp-block-paragraph\">Liderazgo y trabajo colaborativo<\/p>\n\n\n\n<h2 class=\"wp-block-heading\">Bloque 11<\/h2>\n\n\n\n<p class=\"wp-block-paragraph\">Gesti\u00f3n de personal<\/p>\n\n\n\n<p class=\"wp-block-paragraph\">Contabilidad<\/p>\n\n\n\n<h2 class=\"wp-block-heading\">Bloque 12<\/h2>\n\n\n\n<p class=\"wp-block-paragraph\">Emprendimiento sostenible<\/p>\n\n\n\n<p class=\"wp-block-paragraph\">Marco laboral<\/p>\n\n\n\n<h2 class=\"wp-block-heading\">Bloque 13<\/h2>\n\n\n\n<p class=\"wp-block-paragraph\">Mercadotecnia<\/p>\n\n\n\n<p class=\"wp-block-paragraph\">Ambiente financiero<\/p>\n\n\n\n<p class=\"wp-block-paragraph\">Costos y presupuestaci\u00f3n<\/p>\n<\/div>\n<\/div>\n","protected":false},"excerpt":{"rendered":"<p>En este apartado encontrar\u00e1s diversos contenidos did\u00e1cticos asociados a las experiencias educativas que conforman el programa educativo de nivel medio. Inducci\u00f3n Habilidades para el aprendizaje y habilidades digitales Bloque 1 Comunicaci\u00f3n I Pensamiento l\u00f3gico Bloque 2 Ingl\u00e9s A Comunicaci\u00f3n II Bloque 3 Ingl\u00e9s B Matem\u00e1ticas I Bloque 4 Ingl\u00e9s C Ciencias I Bloque 5 Tecnolog\u00edas &#8230; <a title=\"Universidad de Guanajuato\" class=\"read-more\" href=\"https:\/\/blogs.ugto.mx\/bachilleratovirtual\/\" aria-label=\"Leer m\u00e1s sobre Universidad de Guanajuato\">Leer m\u00e1s<\/a><\/p>\n","protected":false},"author":142,"featured_media":0,"parent":0,"menu_order":0,"comment_status":"closed","ping_status":"open","template":"","meta":{"_acf_changed":false,"_crdt_document":"","episode_type":"","audio_file":"","podmotor_file_id":"","podmotor_episode_id":"","cover_image":"","cover_image_id":"","duration":"","filesize":"","filesize_raw":"","date_recorded":"","explicit":"","block":"","itunes_episode_number":"","itunes_title":"","itunes_season_number":"","itunes_episode_type":"","footnotes":""},"class_list":["post-2","page","type-page","status-publish"],"acf":[],"_links":{"self":[{"href":"https:\/\/blogs.ugto.mx\/bachilleratovirtual\/wp-json\/wp\/v2\/pages\/2","targetHints":{"allow":["GET"]}}],"collection":[{"href":"https:\/\/blogs.ugto.mx\/bachilleratovirtual\/wp-json\/wp\/v2\/pages"}],"about":[{"href":"https:\/\/blogs.ugto.mx\/bachilleratovirtual\/wp-json\/wp\/v2\/types\/page"}],"author":[{"embeddable":true,"href":"https:\/\/blogs.ugto.mx\/bachilleratovirtual\/wp-json\/wp\/v2\/users\/142"}],"replies":[{"embeddable":true,"href":"https:\/\/blogs.ugto.mx\/bachilleratovirtual\/wp-json\/wp\/v2\/comments?post=2"}],"version-history":[{"count":7,"href":"https:\/\/blogs.ugto.mx\/bachilleratovirtual\/wp-json\/wp\/v2\/pages\/2\/revisions"}],"predecessor-version":[{"id":1505,"href":"https:\/\/blogs.ugto.mx\/bachilleratovirtual\/wp-json\/wp\/v2\/pages\/2\/revisions\/1505"}],"wp:attachment":[{"href":"https:\/\/blogs.ugto.mx\/bachilleratovirtual\/wp-json\/wp\/v2\/media?parent=2"}],"curies":[{"name":"wp","href":"https:\/\/api.w.org\/{rel}","templated":true}]}}