{"id":2,"date":"2021-10-01T17:54:03","date_gmt":"2021-10-01T17:54:03","guid":{"rendered":"https:\/\/blogs.ugto.mx\/charlasdigitales\/?page_id=2"},"modified":"2024-11-19T15:06:05","modified_gmt":"2024-11-19T15:06:05","slug":"pagina-ejemplo","status":"publish","type":"page","link":"https:\/\/blogs.ugto.mx\/charlasdigitales\/","title":{"rendered":"Charlas Digitales de la Universidad de Guanajuato"},"content":{"rendered":"\n<div class=\"wp-block-cover is-light\" style=\"min-height:370px;aspect-ratio:unset;\"><span aria-hidden=\"true\" class=\"wp-block-cover__background has-black-background-color has-background-dim-20 has-background-dim\"><\/span><img decoding=\"async\" class=\"wp-block-cover__image-background wp-image-22\" alt=\"\" src=\"data:image\/gif;base64,R0lGODlhAQABAIAAAAAAAP\/\/\/yH5BAEAAAAALAAAAAABAAEAAAIBRAA7\" data-src=\"https:\/\/blogs.ugto.mx\/charlasdigitales\/wp-content\/uploads\/sites\/70\/2021\/10\/Charlas-digitales-UG.jpg\" style=\"object-position:64% 44%\" data-object-fit=\"cover\" data-object-position=\"64% 44%\"\/><noscript><img loading=\"lazy\" decoding=\"async\" width=\"2000\" height=\"1333\" class=\"wp-block-cover__image-background wp-image-22\" alt=\"\" src=\"https:\/\/blogs.ugto.mx\/charlasdigitales\/wp-content\/uploads\/sites\/70\/2021\/10\/Charlas-digitales-UG.jpg\" style=\"object-position:64% 44%\" data-object-fit=\"cover\" data-object-position=\"64% 44%\" srcset=\"https:\/\/blogs.ugto.mx\/charlasdigitales\/wp-content\/uploads\/sites\/70\/2021\/10\/Charlas-digitales-UG.jpg 2000w, https:\/\/blogs.ugto.mx\/charlasdigitales\/wp-content\/uploads\/sites\/70\/2021\/10\/Charlas-digitales-UG-300x200.jpg 300w, https:\/\/blogs.ugto.mx\/charlasdigitales\/wp-content\/uploads\/sites\/70\/2021\/10\/Charlas-digitales-UG-1024x682.jpg 1024w, https:\/\/blogs.ugto.mx\/charlasdigitales\/wp-content\/uploads\/sites\/70\/2021\/10\/Charlas-digitales-UG-768x512.jpg 768w, https:\/\/blogs.ugto.mx\/charlasdigitales\/wp-content\/uploads\/sites\/70\/2021\/10\/Charlas-digitales-UG-1536x1024.jpg 1536w, https:\/\/blogs.ugto.mx\/charlasdigitales\/wp-content\/uploads\/sites\/70\/2021\/10\/Charlas-digitales-UG-272x182.jpg 272w\" sizes=\"auto, (max-width: 2000px) 100vw, 2000px\" \/><\/noscript><div class=\"wp-block-cover__inner-container is-layout-flow wp-block-cover-is-layout-flow\">\n<p class=\"has-base-3-color has-text-color has-large-font-size wp-block-paragraph\">Contribuyendo a la reactivaci\u00f3n del <br>desarrollo econ\u00f3mico y social<\/p>\n<\/div><\/div>\n\n\n\n<h2 class=\"wp-block-heading has-text-align-center\" id=\"charlas-digitales-ug\">Charlas Digitales UG<\/h2>\n\n\n\n<p class=\"wp-block-paragraph\">Reafirmando nuestro compromiso de acercar el Talento UG a la sociedad, la <a href=\"https:\/\/ugto.mx\/\" target=\"_blank\" rel=\"noreferrer noopener\"><strong>Universidad de Guanajuato<\/strong><\/a> (UG) presenta la iniciativa \u201cCharlas Digitales\u201d. Las Charlas Digitales buscan acercar una variedad de temas que muestren conocimientos, tendencias y soluciones que les permitan a las y los participantes reflexionar acerca de los retos que emergen en una sociedad global, sobre todo a partir del contexto actual.<\/p>\n\n\n\n<h3 class=\"wp-block-heading has-text-align-center\" id=\"programafebrero-2023\"><strong>Programa<\/strong><\/h3>\n\n\n\n<h3 class=\"wp-block-heading has-text-align-center\" id=\"programafebrero-2023\"><strong>Noviembre 2024<\/strong><\/h3>\n\n\n\n<h4 class=\"wp-block-heading has-text-align-left has-black-color has-text-color\" id=\"lunes-21\"><strong>Lunes 11<\/strong><\/h4>\n\n\n\n<figure class=\"wp-block-table is-style-stripes\"><table class=\"has-fixed-layout\"><thead><tr><th class=\"has-text-align-center\" data-align=\"center\">Hora<\/th><th class=\"has-text-align-center\" data-align=\"center\"><strong>Especialista<\/strong><\/th><th>Nombre de la charla<\/th><\/tr><\/thead><tbody><tr><td class=\"has-text-align-center\" data-align=\"center\">7:50 a 8:00<\/td><td class=\"has-text-align-center\" data-align=\"center\">&#8211;<\/td><td>Inaguraci\u00f3n<\/td><\/tr><tr><td class=\"has-text-align-center\" data-align=\"center\">8:00 a 8:50<\/td><td class=\"has-text-align-center\" data-align=\"center\">Dr. Jos\u00e9 Marco Balleza Ordaz<\/td><td>La innovaci\u00f3n tecnol\u00f3gica y soluciones en la industria<\/td><\/tr><tr><td class=\"has-text-align-center\" data-align=\"center\">9:00 a 9:50<\/td><td class=\"has-text-align-center\" data-align=\"center\">Dr. Takawira Joseph Mumanga<\/td><td>Innovaci\u00f3n Impulsada por la IA: Transformando Industrias con Soluciones&nbsp;Inteligentes<\/td><\/tr><tr><td class=\"has-text-align-center\" data-align=\"center\">17:00 a 17:50<\/td><td class=\"has-text-align-center\" data-align=\"center\">Dra. Svetlana Kashina<\/td><td>Pensamiento orientado al dise\u00f1o para idear y prototipar soluciones tecnol\u00f3gicas<\/td><\/tr><\/tbody><\/table><\/figure>\n\n\n\n<h4 class=\"wp-block-heading has-text-align-left has-black-color has-text-color\" id=\"martes-22\"><strong>Martes 12<\/strong><\/h4>\n\n\n\n<figure class=\"wp-block-table is-style-stripes\"><table class=\"has-fixed-layout\"><thead><tr><th class=\"has-text-align-center\" data-align=\"center\">Hora<\/th><th class=\"has-text-align-center\" data-align=\"center\"><strong>Especialista<\/strong><\/th><th>Nombre de la charla<\/th><\/tr><\/thead><tbody><tr><td class=\"has-text-align-center\" data-align=\"center\">8:00 a 8:50<\/td><td class=\"has-text-align-center\" data-align=\"center\">Lic. Jos\u00e9 Alberto Moreno Guerra<\/td><td>Reflexiones de un f\u00edsico sobre el futuro de la IA: C\u00f3mo los modelos de lenguaje moldear\u00e1n el futuro en los pr\u00f3ximo 5 a\u00f1os<\/td><\/tr><tr><td class=\"has-text-align-center\" data-align=\"center\"><meta charset=\"utf-8\">9:00 a 9:50<\/td><td class=\"has-text-align-center\" data-align=\"center\">Dr. El\u00edas Rigoberto Ledesma Orozco<\/td><td>La IA en el Dise\u00f1o Mec\u00e1nico: Metamodelos<\/td><\/tr><tr><td class=\"has-text-align-center\" data-align=\"center\">16:00 a 16:50<\/td><td class=\"has-text-align-center\" data-align=\"center\">Lic. Omar Ascencio Navarro<\/td><td>Uso de habilidades blandas en el desarrollo de negocios<\/td><\/tr><tr><td class=\"has-text-align-center\" data-align=\"center\">17:00 a 17:50<\/td><td class=\"has-text-align-center\" data-align=\"center\">Mtro. H\u00e9ctor Carlo Le\u00f3n Ram\u00edrez<\/td><td>Habilidades Requeridas para la inclusi\u00f3n laboral en la actualidad<\/td><\/tr><\/tbody><\/table><\/figure>\n\n\n\n<h4 class=\"wp-block-heading has-text-align-left has-black-color has-text-color\" id=\"miercoles-23\"><strong>Mi\u00e9rcoles<\/strong> <strong>13<\/strong><\/h4>\n\n\n\n<figure class=\"wp-block-table is-style-stripes\"><table class=\"has-fixed-layout\"><thead><tr><th class=\"has-text-align-center\" data-align=\"center\">Hora<\/th><th class=\"has-text-align-center\" data-align=\"center\"><strong>Especialista<\/strong><\/th><th>Nombre de la charla<\/th><\/tr><\/thead><tbody><tr><td class=\"has-text-align-center\" data-align=\"center\">8:00 a 8:50<\/td><td class=\"has-text-align-center\" data-align=\"center\">Dra. Ang\u00e9lica Hern\u00e1ndez Rayas<\/td><td>Ciencia e Innovaci\u00f3n: Impulsando la Colaboraci\u00f3n con la Industria<\/td><\/tr><tr><td class=\"has-text-align-center\" data-align=\"center\">9:00 a 9:50<\/td><td class=\"has-text-align-center\" data-align=\"center\">Mtra. Nancy Abigail Mendoza Ram\u00edrez<\/td><td>Buenas pr\u00e1cticas ambientales en el sector industrial<\/td><\/tr><tr><td class=\"has-text-align-center\" data-align=\"center\"><meta charset=\"utf-8\">16:00 a 16:50<\/td><td class=\"has-text-align-center\" data-align=\"center\">Mtra. Leticia Rocha Ram\u00edrez<\/td><td>Resoluci\u00f3n de conflictos en la organizaci\u00f3n con LEGO. Metodolog\u00eda del juego serio<\/td><\/tr><tr><td class=\"has-text-align-center\" data-align=\"center\">17:00 a 17:50<\/td><td class=\"has-text-align-center\" data-align=\"center\">Dr. Francisco Javier Vel\u00e1zquez Sagah\u00f3n<\/td><td>El ABC del uso de la Inteligencia Artificial para la Productividad en las MiPYMES<\/td><\/tr><\/tbody><\/table><\/figure>\n\n\n\n<h4 class=\"wp-block-heading has-text-align-left has-black-color has-text-color\" id=\"jueves-24\"><strong>Jueves 14<\/strong><\/h4>\n\n\n\n<figure class=\"wp-block-table is-style-stripes\"><table class=\"has-fixed-layout\"><thead><tr><th class=\"has-text-align-center\" data-align=\"center\">Hora<\/th><th class=\"has-text-align-center\" data-align=\"center\"><strong>Especialista<\/strong><\/th><th>Nombre de la charla<\/th><\/tr><\/thead><tbody><tr><td class=\"has-text-align-center\" data-align=\"center\">8:00 a 8:50<\/td><td class=\"has-text-align-center\" data-align=\"center\">Dr. Huetzin Aar\u00f3n P\u00e9rez Olivas<\/td><td>Tecnolog\u00eda, Innovaci\u00f3n, y propiedad intelectual, un spin en la industria local<\/td><\/tr><tr><td class=\"has-text-align-center\" data-align=\"center\">9:00 a 9:50<\/td><td class=\"has-text-align-center\" data-align=\"center\">Dra. Mar\u00eda de Lourdes Tiburcio S\u00e1nchez<\/td><td>Estrategias para el fortalecimiento de pymes de base tecnol\u00f3gica: estudio multicaso<\/td><\/tr><tr><td class=\"has-text-align-center\" data-align=\"center\"><meta charset=\"utf-8\">16:00 a 16:50<\/td><td class=\"has-text-align-center\" data-align=\"center\">Dr. H\u00e9ctor Plascencia Mora<\/td><td>Innovaci\u00f3n de base tecnol\u00f3gica<\/td><\/tr><tr><td class=\"has-text-align-center\" data-align=\"center\">17:00 a 17:50<\/td><td class=\"has-text-align-center\" data-align=\"center\">Mtro. Luis Carlos Verver y Vargas Funes<\/td><td>Inteligencia artificial en la fiscalizaci\u00f3n del SAT<\/td><\/tr><\/tbody><\/table><\/figure>\n\n\n\n<h4 class=\"wp-block-heading has-text-align-left has-black-color has-text-color\" id=\"viernes-25\"><strong>Viernes 15<\/strong><\/h4>\n\n\n\n<figure class=\"wp-block-table is-style-stripes\"><table class=\"has-fixed-layout\"><thead><tr><th class=\"has-text-align-center\" data-align=\"center\">Hora<\/th><th class=\"has-text-align-center\" data-align=\"center\"><strong>Especialista<\/strong><\/th><th>Nombre de la charla<\/th><\/tr><\/thead><tbody><tr><td class=\"has-text-align-center\" data-align=\"center\">8:00 a 8:50<\/td><td class=\"has-text-align-center\" data-align=\"center\">Dr. Christian G\u00f3mez Sol\u00eds<\/td><td>Micro motores para la descontaminaci\u00f3n del agua<\/td><\/tr><tr><td class=\"has-text-align-center\" data-align=\"center\">9:00 a 9:50<\/td><td class=\"has-text-align-center\" data-align=\"center\">Dr. Roberto Jos\u00e9 Mu\u00f1oz M\u00fajica<\/td><td>IA en acci\u00f3n: el impacto de generar instrucciones claras en la competitividad de la industria local<\/td><\/tr><tr><td class=\"has-text-align-center\" data-align=\"center\">9:50 a 10:00<\/td><td class=\"has-text-align-center\" data-align=\"center\">&#8211;<\/td><td>Clausura<\/td><\/tr><\/tbody><\/table><\/figure>\n\n\n\n<p class=\"wp-block-paragraph\"><\/p>\n","protected":false},"excerpt":{"rendered":"<p>Charlas Digitales UG Reafirmando nuestro compromiso de acercar el Talento UG a la sociedad, la Universidad de Guanajuato (UG) presenta la iniciativa \u201cCharlas Digitales\u201d. Las Charlas Digitales buscan acercar una variedad de temas que muestren conocimientos, tendencias y soluciones que les permitan a las y los participantes reflexionar acerca de los retos que emergen en &#8230; <a title=\"Charlas Digitales de la Universidad de Guanajuato\" class=\"read-more\" href=\"https:\/\/blogs.ugto.mx\/charlasdigitales\/\" aria-label=\"Leer m\u00e1s sobre Charlas Digitales de la Universidad de Guanajuato\">Leer m\u00e1s<\/a><\/p>\n","protected":false},"author":1,"featured_media":0,"parent":0,"menu_order":0,"comment_status":"closed","ping_status":"open","template":"","meta":{"_acf_changed":false,"_crdt_document":"","episode_type":"","audio_file":"","podmotor_file_id":"","podmotor_episode_id":"","cover_image":"","cover_image_id":"","duration":"","filesize":"","filesize_raw":"","date_recorded":"","explicit":"","block":"","itunes_episode_number":"","itunes_title":"","itunes_season_number":"","itunes_episode_type":"","footnotes":""},"class_list":["post-2","page","type-page","status-publish"],"acf":[],"_links":{"self":[{"href":"https:\/\/blogs.ugto.mx\/charlasdigitales\/wp-json\/wp\/v2\/pages\/2","targetHints":{"allow":["GET"]}}],"collection":[{"href":"https:\/\/blogs.ugto.mx\/charlasdigitales\/wp-json\/wp\/v2\/pages"}],"about":[{"href":"https:\/\/blogs.ugto.mx\/charlasdigitales\/wp-json\/wp\/v2\/types\/page"}],"author":[{"embeddable":true,"href":"https:\/\/blogs.ugto.mx\/charlasdigitales\/wp-json\/wp\/v2\/users\/1"}],"replies":[{"embeddable":true,"href":"https:\/\/blogs.ugto.mx\/charlasdigitales\/wp-json\/wp\/v2\/comments?post=2"}],"version-history":[{"count":83,"href":"https:\/\/blogs.ugto.mx\/charlasdigitales\/wp-json\/wp\/v2\/pages\/2\/revisions"}],"predecessor-version":[{"id":267,"href":"https:\/\/blogs.ugto.mx\/charlasdigitales\/wp-json\/wp\/v2\/pages\/2\/revisions\/267"}],"wp:attachment":[{"href":"https:\/\/blogs.ugto.mx\/charlasdigitales\/wp-json\/wp\/v2\/media?parent=2"}],"curies":[{"name":"wp","href":"https:\/\/api.w.org\/{rel}","templated":true}]}}