{"id":63,"date":"2021-10-21T20:12:44","date_gmt":"2021-10-21T20:12:44","guid":{"rendered":"https:\/\/blogs.ugto.mx\/charlasdigitales\/?page_id=63"},"modified":"2023-02-24T19:40:23","modified_gmt":"2023-02-24T19:40:23","slug":"las-charlas-digitales-ug","status":"publish","type":"page","link":"https:\/\/blogs.ugto.mx\/charlasdigitales\/las-charlas-digitales-ug\/","title":{"rendered":"Las Charlas Digitales UG"},"content":{"rendered":"\n<div class=\"wp-block-cover is-light\" style=\"min-height:370px;aspect-ratio:unset;\"><span aria-hidden=\"true\" class=\"wp-block-cover__background has-background-dim-30 has-background-dim\"><\/span><img decoding=\"async\" class=\"wp-block-cover__image-background wp-image-97\" alt=\"\" src=\"data:image\/gif;base64,R0lGODlhAQABAIAAAAAAAP\/\/\/yH5BAEAAAAALAAAAAABAAEAAAIBRAA7\" data-src=\"https:\/\/blogs.ugto.mx\/charlasdigitales\/wp-content\/uploads\/sites\/70\/2021\/10\/Las-charlas-digitales-UG.jpg\" style=\"object-position:73% 45%\" data-object-fit=\"cover\" data-object-position=\"73% 45%\"\/><noscript><img loading=\"lazy\" decoding=\"async\" width=\"2000\" height=\"1333\" class=\"wp-block-cover__image-background wp-image-97\" alt=\"\" src=\"https:\/\/blogs.ugto.mx\/charlasdigitales\/wp-content\/uploads\/sites\/70\/2021\/10\/Las-charlas-digitales-UG.jpg\" style=\"object-position:73% 45%\" data-object-fit=\"cover\" data-object-position=\"73% 45%\" srcset=\"https:\/\/blogs.ugto.mx\/charlasdigitales\/wp-content\/uploads\/sites\/70\/2021\/10\/Las-charlas-digitales-UG.jpg 2000w, https:\/\/blogs.ugto.mx\/charlasdigitales\/wp-content\/uploads\/sites\/70\/2021\/10\/Las-charlas-digitales-UG-300x200.jpg 300w, https:\/\/blogs.ugto.mx\/charlasdigitales\/wp-content\/uploads\/sites\/70\/2021\/10\/Las-charlas-digitales-UG-1024x682.jpg 1024w, https:\/\/blogs.ugto.mx\/charlasdigitales\/wp-content\/uploads\/sites\/70\/2021\/10\/Las-charlas-digitales-UG-768x512.jpg 768w, https:\/\/blogs.ugto.mx\/charlasdigitales\/wp-content\/uploads\/sites\/70\/2021\/10\/Las-charlas-digitales-UG-1536x1024.jpg 1536w, https:\/\/blogs.ugto.mx\/charlasdigitales\/wp-content\/uploads\/sites\/70\/2021\/10\/Las-charlas-digitales-UG-272x182.jpg 272w\" sizes=\"auto, (max-width: 2000px) 100vw, 2000px\" \/><\/noscript><div class=\"wp-block-cover__inner-container is-layout-flow wp-block-cover-is-layout-flow\">\n<p class=\"has-base-3-color has-text-color has-large-font-size wp-block-paragraph\">Las Charlas Digitales UG<\/p>\n<\/div><\/div>\n\n\n\n<p class=\"wp-block-paragraph\">Las Charlas Digitales buscan contribuir a la reactivaci\u00f3n del desarrollo econ\u00f3mico y social del estado de Guanajuato, a trav\u00e9s de estrategias basadas en el conocimiento, con las cuales empresarios, emprendedores y sociedad en general reflexionen acerca de los escenarios y requerimientos del entorno actual, en un marco de solidaridad, sensibilidad y adaptabilidad.<\/p>\n\n\n\n<p class=\"wp-block-paragraph\">Adem\u00e1s tienen como intenci\u00f3n presentar una variedad de temas que muestren conocimientos, tendencias y soluciones que les permitan a las y los participantes reflexionar acerca de los retos que emergen en una sociedad global, sobre todo a partir del contexto pand\u00e9mico actual.<\/p>\n\n\n\n<p class=\"wp-block-paragraph\">Esta iniciativa apertura el <a href=\"https:\/\/nodo.ugto.mx\/sume\/ugcontigo\/\" target=\"_blank\" rel=\"noreferrer noopener\"><strong>Programa UG Contigo<\/strong><\/a>, el cual busca hacer frente a las tendencias emergentes de la sociedad y a los desaf\u00edos in\u00e9ditos que enfrenta la instituci\u00f3n, mediante estrategias de educaci\u00f3n a lo largo de la vida e integraci\u00f3n de tecnolog\u00edas.<\/p>\n\n\n\n<p class=\"wp-block-paragraph\">Las charlas se encuentran dirigidas a la poblaci\u00f3n econ\u00f3micamente activa del estado de Guanajuato, con especial atenci\u00f3n en empresarios, emprendedores, l\u00edderes de opini\u00f3n, as\u00ed como el sector gubernamental y organizaciones civiles, que deseen identificar oportunidades de cambio y transformaci\u00f3n a fin de responder activamente a las reactivaci\u00f3n social y econ\u00f3mica del estado.&nbsp;<\/p>\n","protected":false},"excerpt":{"rendered":"<p>Las Charlas Digitales buscan contribuir a la reactivaci\u00f3n del desarrollo econ\u00f3mico y social del estado de Guanajuato, a trav\u00e9s de estrategias basadas en el conocimiento, con las cuales empresarios, emprendedores y sociedad en general reflexionen acerca de los escenarios y requerimientos del entorno actual, en un marco de solidaridad, sensibilidad y adaptabilidad. Adem\u00e1s tienen como &#8230; <a title=\"Las Charlas Digitales UG\" class=\"read-more\" href=\"https:\/\/blogs.ugto.mx\/charlasdigitales\/las-charlas-digitales-ug\/\" aria-label=\"Leer m\u00e1s sobre Las Charlas Digitales UG\">Leer m\u00e1s<\/a><\/p>\n","protected":false},"author":1,"featured_media":0,"parent":0,"menu_order":0,"comment_status":"closed","ping_status":"closed","template":"","meta":{"_acf_changed":false,"_crdt_document":"","episode_type":"","audio_file":"","podmotor_file_id":"","podmotor_episode_id":"","cover_image":"","cover_image_id":"","duration":"","filesize":"","filesize_raw":"","date_recorded":"","explicit":"","block":"","itunes_episode_number":"","itunes_title":"","itunes_season_number":"","itunes_episode_type":"","footnotes":""},"class_list":["post-63","page","type-page","status-publish"],"acf":[],"_links":{"self":[{"href":"https:\/\/blogs.ugto.mx\/charlasdigitales\/wp-json\/wp\/v2\/pages\/63","targetHints":{"allow":["GET"]}}],"collection":[{"href":"https:\/\/blogs.ugto.mx\/charlasdigitales\/wp-json\/wp\/v2\/pages"}],"about":[{"href":"https:\/\/blogs.ugto.mx\/charlasdigitales\/wp-json\/wp\/v2\/types\/page"}],"author":[{"embeddable":true,"href":"https:\/\/blogs.ugto.mx\/charlasdigitales\/wp-json\/wp\/v2\/users\/1"}],"replies":[{"embeddable":true,"href":"https:\/\/blogs.ugto.mx\/charlasdigitales\/wp-json\/wp\/v2\/comments?post=63"}],"version-history":[{"count":16,"href":"https:\/\/blogs.ugto.mx\/charlasdigitales\/wp-json\/wp\/v2\/pages\/63\/revisions"}],"predecessor-version":[{"id":184,"href":"https:\/\/blogs.ugto.mx\/charlasdigitales\/wp-json\/wp\/v2\/pages\/63\/revisions\/184"}],"wp:attachment":[{"href":"https:\/\/blogs.ugto.mx\/charlasdigitales\/wp-json\/wp\/v2\/media?parent=63"}],"curies":[{"name":"wp","href":"https:\/\/api.w.org\/{rel}","templated":true}]}}