{"id":69,"date":"2016-11-18T15:53:05","date_gmt":"2016-11-18T21:53:05","guid":{"rendered":"http:\/\/blogs.ugto.mx\/constancias\/?page_id=69"},"modified":"2017-02-03T13:15:44","modified_gmt":"2017-02-03T19:15:44","slug":"pagina-principal","status":"publish","type":"page","link":"https:\/\/blogs.ugto.mx\/constancias\/","title":{"rendered":"7mo Encuentro Nacional de Tutor\u00eda"},"content":{"rendered":"<p style=\"text-align: justify;\">Bienvenid@ a la plataforma de la Universidad de Guanajuato para la publicaci\u00f3n de\u00a0constancias, materiales did\u00e1cticos y memorias del <strong>Encuentro Nacional de Tutor\u00eda<\/strong>.<\/p>\n<h2 style=\"text-align: center;\"><img loading=\"lazy\" decoding=\"async\" src=\"data:image\/gif;base64,R0lGODlhAQABAIAAAAAAAP\/\/\/yH5BAEAAAAALAAAAAABAAEAAAIBRAA7\" data-src=\"http:\/\/nodo.ugto.mx\/wp-content\/uploads\/2016\/07\/Bullet-1.jpg?resize=20%2C20\" width=\"20\" height=\"20\" \/><noscript><img data-recalc-dims=\"1\" loading=\"lazy\" decoding=\"async\" src=\"https:\/\/i0.wp.com\/nodo.ugto.mx\/wp-content\/uploads\/2016\/07\/Bullet-1.jpg?resize=20%2C20\" width=\"20\" height=\"20\" \/><\/noscript> Materiales did\u00e1cticos de talleres<\/h2>\n<p style=\"text-align: center;\">+ <a href=\"http:\/\/blogs.ugto.mx\/constancias\/7mo-encuentro-nacional-de-tutoria\/\">Material educativo facilitado por los talleristas<\/a><\/p>\n<h2 style=\"text-align: center;\"><img loading=\"lazy\" decoding=\"async\" src=\"data:image\/gif;base64,R0lGODlhAQABAIAAAAAAAP\/\/\/yH5BAEAAAAALAAAAAABAAEAAAIBRAA7\" data-src=\"http:\/\/nodo.ugto.mx\/wp-content\/uploads\/2016\/07\/Bullet-2.jpg?w=1100\" width=\"20\" height=\"20\" \/><noscript><img data-recalc-dims=\"1\" loading=\"lazy\" decoding=\"async\" src=\"https:\/\/i0.wp.com\/nodo.ugto.mx\/wp-content\/uploads\/2016\/07\/Bullet-2.jpg?resize=20%2C20\" width=\"20\" height=\"20\" \/><\/noscript> Memorias<\/h2>\n<p style=\"text-align: center;\">+\u00a0<a href=\"http:\/\/blogs.ugto.mx\/constancias\/memorias-del-septimo-encuentro-nacional-de-tutoria\/\">Descargar memorias<\/a><\/p>\n<h2 style=\"text-align: center;\"><img loading=\"lazy\" decoding=\"async\" src=\"data:image\/gif;base64,R0lGODlhAQABAIAAAAAAAP\/\/\/yH5BAEAAAAALAAAAAABAAEAAAIBRAA7\" data-src=\"http:\/\/nodo.ugto.mx\/wp-content\/uploads\/2016\/07\/vi%C3%B1eta_economico.png?resize=20%2C20\" width=\"20\" height=\"20\" \/><noscript><img data-recalc-dims=\"1\" loading=\"lazy\" decoding=\"async\" src=\"https:\/\/i0.wp.com\/nodo.ugto.mx\/wp-content\/uploads\/2016\/07\/vi%C3%B1eta_economico.png?resize=20%2C20\" width=\"20\" height=\"20\" \/><\/noscript> Constancias<\/h2>\n<p style=\"text-align: center;\">+ <a href=\"http:\/\/blogs.ugto.mx\/constancias\/constancias-del-evento\/\">Descargar constancias<\/a><\/p>\n","protected":false},"excerpt":{"rendered":"<p>Bienvenid@ a la plataforma de la Universidad de Guanajuato para la publicaci\u00f3n de\u00a0constancias, materiales did\u00e1cticos y memorias del Encuentro Nacional de Tutor\u00eda. Materiales did\u00e1cticos de talleres + Material educativo facilitado por los talleristas Memorias +\u00a0Descargar memorias Constancias + Descargar constancias<\/p>\n","protected":false},"author":1,"featured_media":0,"parent":0,"menu_order":0,"comment_status":"closed","ping_status":"closed","template":"","meta":{"_acf_changed":false,"_crdt_document":"","advanced_seo_description":"","jetpack_seo_html_title":"","jetpack_seo_noindex":false,"episode_type":"","audio_file":"","podmotor_file_id":"","podmotor_episode_id":"","cover_image":"","cover_image_id":"","duration":"","filesize":"","filesize_raw":"","date_recorded":"","explicit":"","block":"","itunes_episode_number":"","itunes_title":"","itunes_season_number":"","itunes_episode_type":"","jetpack_post_was_ever_published":false,"footnotes":""},"class_list":["post-69","page","type-page","status-publish"],"acf":[],"jetpack_sharing_enabled":true,"jetpack_shortlink":"https:\/\/wp.me\/P89eJN-17","jetpack-related-posts":[],"_links":{"self":[{"href":"https:\/\/blogs.ugto.mx\/constancias\/wp-json\/wp\/v2\/pages\/69","targetHints":{"allow":["GET"]}}],"collection":[{"href":"https:\/\/blogs.ugto.mx\/constancias\/wp-json\/wp\/v2\/pages"}],"about":[{"href":"https:\/\/blogs.ugto.mx\/constancias\/wp-json\/wp\/v2\/types\/page"}],"author":[{"embeddable":true,"href":"https:\/\/blogs.ugto.mx\/constancias\/wp-json\/wp\/v2\/users\/1"}],"replies":[{"embeddable":true,"href":"https:\/\/blogs.ugto.mx\/constancias\/wp-json\/wp\/v2\/comments?post=69"}],"version-history":[{"count":16,"href":"https:\/\/blogs.ugto.mx\/constancias\/wp-json\/wp\/v2\/pages\/69\/revisions"}],"predecessor-version":[{"id":102,"href":"https:\/\/blogs.ugto.mx\/constancias\/wp-json\/wp\/v2\/pages\/69\/revisions\/102"}],"wp:attachment":[{"href":"https:\/\/blogs.ugto.mx\/constancias\/wp-json\/wp\/v2\/media?parent=69"}],"curies":[{"name":"wp","href":"https:\/\/api.w.org\/{rel}","templated":true}]}}