{"id":2,"date":"2021-09-21T20:33:23","date_gmt":"2021-09-21T20:33:23","guid":{"rendered":"https:\/\/blogs.ugto.mx\/contador\/?page_id=2"},"modified":"2021-11-18T21:11:00","modified_gmt":"2021-11-18T21:11:00","slug":"pagina-ejemplo","status":"publish","type":"page","link":"https:\/\/blogs.ugto.mx\/contador\/","title":{"rendered":"Universidad de Guanajuato"},"content":{"rendered":"\n<div class=\"wp-block-cover has-background-dim-20 has-black-background-color has-background-dim\" style=\"min-height:317px;aspect-ratio:unset;\"><img decoding=\"async\" class=\"wp-block-cover__image-background wp-image-1249\" alt=\"\" src=\"data:image\/gif;base64,R0lGODlhAQABAIAAAAAAAP\/\/\/yH5BAEAAAAALAAAAAABAAEAAAIBRAA7\" data-src=\"https:\/\/blogs.ugto.mx\/contador\/wp-content\/uploads\/sites\/68\/2021\/10\/tbcfwcks638-1024x683.jpg\" style=\"object-position:51% 64%\" data-object-fit=\"cover\" data-object-position=\"51% 64%\"\/><noscript><img loading=\"lazy\" decoding=\"async\" width=\"1024\" height=\"683\" class=\"wp-block-cover__image-background wp-image-1249\" alt=\"\" src=\"https:\/\/blogs.ugto.mx\/contador\/wp-content\/uploads\/sites\/68\/2021\/10\/tbcfwcks638-1024x683.jpg\" style=\"object-position:51% 64%\" data-object-fit=\"cover\" data-object-position=\"51% 64%\" srcset=\"https:\/\/blogs.ugto.mx\/contador\/wp-content\/uploads\/sites\/68\/2021\/10\/tbcfwcks638-1024x683.jpg 1024w, https:\/\/blogs.ugto.mx\/contador\/wp-content\/uploads\/sites\/68\/2021\/10\/tbcfwcks638-300x200.jpg 300w, https:\/\/blogs.ugto.mx\/contador\/wp-content\/uploads\/sites\/68\/2021\/10\/tbcfwcks638-768x512.jpg 768w, https:\/\/blogs.ugto.mx\/contador\/wp-content\/uploads\/sites\/68\/2021\/10\/tbcfwcks638-1536x1024.jpg 1536w, https:\/\/blogs.ugto.mx\/contador\/wp-content\/uploads\/sites\/68\/2021\/10\/tbcfwcks638-272x182.jpg 272w, https:\/\/blogs.ugto.mx\/contador\/wp-content\/uploads\/sites\/68\/2021\/10\/tbcfwcks638.jpg 1600w\" sizes=\"auto, (max-width: 1024px) 100vw, 1024px\" \/><\/noscript><div class=\"wp-block-cover__inner-container is-layout-flow wp-block-cover-is-layout-flow\">\n<p class=\"has-large-font-size wp-block-paragraph\">Contenidos did\u00e1cticos digitales de<br>las unidades de aprendizaje<\/p>\n<\/div><\/div>\n\n\n\n<p class=\"wp-block-paragraph\">En este apartado encontrar\u00e1s diversos contenidos did\u00e1cticos asociados a las experiencias educativas que conforman el programa educativo de licenciatura.<\/p>\n\n\n\n<div class=\"wp-block-columns is-layout-flex wp-container-core-columns-is-layout-8f761849 wp-block-columns-is-layout-flex\">\n<div class=\"wp-block-column is-layout-flow wp-block-column-is-layout-flow\">\n<h2 class=\"wp-block-heading\">Primer semestre<\/h2>\n\n\n\n<p class=\"wp-block-paragraph\"><a href=\"https:\/\/blogs.ugto.mx\/contador\/unidad-de-aprendizaje\/administracion-contemporanea\/\" target=\"_blank\" rel=\"noreferrer noopener\">Administraci\u00f3n contempor\u00e1nea<\/a><\/p>\n\n\n\n<p class=\"wp-block-paragraph\"><a href=\"https:\/\/blogs.ugto.mx\/contador\/unidad-de-aprendizaje\/calculo-diferencial\/\" target=\"_blank\" rel=\"noreferrer noopener\">C\u00e1lculo Diferencial<\/a><\/p>\n\n\n\n<p class=\"wp-block-paragraph\"><a href=\"https:\/\/blogs.ugto.mx\/contador\/unidad-de-aprendizaje\/derecho\/\" target=\"_blank\" rel=\"noreferrer noopener\">Derecho<\/a><\/p>\n\n\n\n<p class=\"wp-block-paragraph\"><a href=\"https:\/\/blogs.ugto.mx\/contador\/unidad-de-aprendizaje\/contabilidad-financiera\/\" target=\"_blank\" rel=\"noreferrer noopener\">Contabilidad Financiera<\/a><\/p>\n\n\n\n<p class=\"wp-block-paragraph\"><a href=\"https:\/\/blogs.ugto.mx\/contador\/unidad-de-aprendizaje\/derecho-tributario\/\" target=\"_blank\" rel=\"noreferrer noopener\">Derecho Tributario<\/a><\/p>\n\n\n\n<p class=\"wp-block-paragraph\"><a href=\"https:\/\/blogs.ugto.mx\/contador\/unidad-de-aprendizaje\/microeconomia\/\" target=\"_blank\" rel=\"noreferrer noopener\">Microeconom\u00eda<\/a><\/p>\n\n\n\n<p class=\"wp-block-paragraph\"><a href=\"https:\/\/blogs.ugto.mx\/contador\/unidad-de-aprendizaje\/matematicas-financieras\/\" target=\"_blank\" rel=\"noreferrer noopener\">Matem\u00e1ticas Financieras<\/a><\/p>\n\n\n\n<p class=\"wp-block-paragraph\"><a href=\"https:\/\/blogs.ugto.mx\/contador\/unidad-de-aprendizaje\/comunicacion-profesional\/\" target=\"_blank\" rel=\"noreferrer noopener\">Comunicaci\u00f3n Profesional<\/a><\/p>\n\n\n\n<h2 class=\"wp-block-heading\">Tercer semestre<\/h2>\n\n\n\n<p class=\"wp-block-paragraph\"><a href=\"https:\/\/blogs.ugto.mx\/contador\/unidad-de-aprendizaje\/analisis-de-estados-financieros\/\" target=\"_blank\" rel=\"noreferrer noopener\">An\u00e1lisis de Estados Financieros<\/a><\/p>\n\n\n\n<p class=\"wp-block-paragraph\"><a href=\"https:\/\/blogs.ugto.mx\/contador\/unidad-de-aprendizaje\/contabilidad-de-conceptos-especificos\/\" target=\"_blank\" rel=\"noreferrer noopener\">Contabilidad de Conceptos Espec\u00edficos<\/a><\/p>\n\n\n\n<p class=\"wp-block-paragraph\"><a href=\"https:\/\/blogs.ugto.mx\/contador\/unidad-de-aprendizaje\/contribuciones-de-la-seguridad-social\/\" target=\"_blank\" rel=\"noreferrer noopener\">Contribuciones de la Seguridad Social<\/a><\/p>\n\n\n\n<p class=\"wp-block-paragraph\"><a href=\"https:\/\/blogs.ugto.mx\/contador\/unidad-de-aprendizaje\/mercados-e-instituciones-financieras\/\" target=\"_blank\" rel=\"noreferrer noopener\">Mercados e Instituciones Financieras<\/a><\/p>\n\n\n\n<p class=\"wp-block-paragraph\"><a href=\"https:\/\/blogs.ugto.mx\/contador\/unidad-de-aprendizaje\/analisis-de-costos\/\" target=\"_blank\" rel=\"noreferrer noopener\">An\u00e1lisis de Costos<\/a><\/p>\n\n\n\n<p class=\"wp-block-paragraph\"><a href=\"https:\/\/blogs.ugto.mx\/contador\/unidad-de-aprendizaje\/isr-personas-morales\/\" target=\"_blank\" rel=\"noreferrer noopener\">ISR Personas Morales<\/a><\/p>\n\n\n\n<p class=\"wp-block-paragraph\"><a href=\"https:\/\/blogs.ugto.mx\/contador\/unidad-de-aprendizaje\/estadistica-inferencial\/\" target=\"_blank\" rel=\"noreferrer noopener\">Estad\u00edstica Inferencial<\/a><\/p>\n\n\n\n<h2 class=\"wp-block-heading\">Quinto semestre<\/h2>\n\n\n\n<p class=\"wp-block-paragraph\"><a href=\"https:\/\/blogs.ugto.mx\/contador\/unidad-de-aprendizaje\/paqueteria-contable\/\" target=\"_blank\" rel=\"noreferrer noopener\">Paqueter\u00eda Contable<\/a><\/p>\n\n\n\n<p class=\"wp-block-paragraph\"><a href=\"https:\/\/blogs.ugto.mx\/contador\/unidad-de-aprendizaje\/procedimientos-de-auditoria\/\" target=\"_blank\" rel=\"noreferrer noopener\">Procedimientos de Auditoria<\/a><\/p>\n\n\n\n<p class=\"wp-block-paragraph\"><a href=\"https:\/\/blogs.ugto.mx\/contador\/unidad-de-aprendizaje\/impuestos-federales-estatales-y-municipales\/\" target=\"_blank\" rel=\"noreferrer noopener\">Impuestos Federales, Estatales y Municipales<\/a><\/p>\n\n\n\n<p class=\"wp-block-paragraph\"><a href=\"https:\/\/blogs.ugto.mx\/contador\/unidad-de-aprendizaje\/contabilidad-por-sectores\/\" target=\"_blank\" rel=\"noreferrer noopener\">Contabilidad por Sectores<\/a><\/p>\n\n\n\n<p class=\"wp-block-paragraph\"><a href=\"https:\/\/blogs.ugto.mx\/contador\/unidad-de-aprendizaje\/comunicacion-de-negocios\/\" target=\"_blank\" rel=\"noreferrer noopener\">Comunicaci\u00f3n de Negocios<\/a><\/p>\n\n\n\n<p class=\"wp-block-paragraph\"><a href=\"https:\/\/blogs.ugto.mx\/contador\/unidad-de-aprendizaje\/metodologia-y-elaboracion-de-protocolos\/\" target=\"_blank\" rel=\"noreferrer noopener\">Metodolog\u00eda y Elaboraci\u00f3n de Protocolos<\/a><\/p>\n\n\n\n<h2 class=\"wp-block-heading\">S\u00e9ptimo semestre<\/h2>\n\n\n\n<p class=\"wp-block-paragraph\"><a href=\"https:\/\/blogs.ugto.mx\/contador\/unidad-de-aprendizaje\/recursos-humanos\/\" target=\"_blank\" rel=\"noreferrer noopener\">Recursos Humanos<\/a><\/p>\n\n\n\n<p class=\"wp-block-paragraph\"><a href=\"https:\/\/blogs.ugto.mx\/contador\/unidad-de-aprendizaje\/metodologia-y-elaboracion-de-informes\/\" target=\"_blank\" rel=\"noreferrer noopener\">Metodolog\u00eda y Elaboraci\u00f3n de Informes<\/a><\/p>\n\n\n\n<h2 class=\"wp-block-heading\">Optativas<\/h2>\n\n\n\n<p class=\"wp-block-paragraph\"><a href=\"https:\/\/blogs.ugto.mx\/contador\/unidad-de-aprendizaje\/sustentabilidad-y-medio-ambiente\/\" target=\"_blank\" rel=\"noreferrer noopener\">Sustentabilidad y Medio Ambiente<\/a><\/p>\n\n\n\n<p class=\"wp-block-paragraph\"><a href=\"https:\/\/blogs.ugto.mx\/contador\/unidad-de-aprendizaje\/temas-fiscales-selectos-auditoria-fiscal-federal\/\" target=\"_blank\" rel=\"noreferrer noopener\">Temas Fiscales Selectos (Auditor\u00eda Fiscal Federal)<\/a><\/p>\n\n\n\n<p class=\"wp-block-paragraph\"><a href=\"https:\/\/blogs.ugto.mx\/contador\/unidad-de-aprendizaje\/modelo-de-negocios\/\" target=\"_blank\" rel=\"noreferrer noopener\">Modelo de negocios<\/a><\/p>\n\n\n\n<p class=\"wp-block-paragraph\"><a href=\"https:\/\/blogs.ugto.mx\/contador\/unidad-de-aprendizaje\/desarrollo-de-emprendedores\/\" target=\"_blank\" rel=\"noreferrer noopener\">Desarrollo de Emprendedores<\/a><\/p>\n\n\n\n<p class=\"wp-block-paragraph\"><a href=\"https:\/\/blogs.ugto.mx\/contador\/unidad-de-aprendizaje\/finanzas-bursatiles\/\" target=\"_blank\" rel=\"noreferrer noopener\">Finanzas burs\u00e1tiles<\/a><\/p>\n\n\n\n<p class=\"wp-block-paragraph\"><a href=\"https:\/\/blogs.ugto.mx\/contador\/unidad-de-aprendizaje\/evaluacion-y-control-de-gestion-estrategica-del-cambio-empresarial\/\" target=\"_blank\" rel=\"noreferrer noopener\">Evaluaci\u00f3n y Control de Gesti\u00f3n Estrat\u00e9gica del Cambio Empresarial<\/a><\/p>\n\n\n\n<p class=\"wp-block-paragraph\"><a href=\"https:\/\/blogs.ugto.mx\/contador\/unidad-de-aprendizaje\/negocios-internacionales\/\" target=\"_blank\" rel=\"noreferrer noopener\">Negocios Internacionales<\/a><\/p>\n<\/div>\n\n\n\n<div class=\"wp-block-column is-layout-flow wp-block-column-is-layout-flow\">\n<h2 class=\"wp-block-heading\">Segundo semestre<\/h2>\n\n\n\n<p class=\"wp-block-paragraph\"><a href=\"https:\/\/blogs.ugto.mx\/contador\/unidad-de-aprendizaje\/seminarios-economico-administrativo\/\" target=\"_blank\" rel=\"noreferrer noopener\">Seminarios Econ\u00f3mico Administrativo<\/a><\/p>\n\n\n\n<p class=\"wp-block-paragraph\"><a href=\"https:\/\/blogs.ugto.mx\/contador\/unidad-de-aprendizaje\/probabilidad-y-estadistica\/\" target=\"_blank\" rel=\"noreferrer noopener\">Probabilidad y Estad\u00edstica<\/a><\/p>\n\n\n\n<p class=\"wp-block-paragraph\"><a href=\"https:\/\/blogs.ugto.mx\/contador\/unidad-de-aprendizaje\/macroeconomia\/\" target=\"_blank\" rel=\"noreferrer noopener\">Macroeconom\u00eda<\/a><\/p>\n\n\n\n<p class=\"wp-block-paragraph\"><a href=\"https:\/\/blogs.ugto.mx\/contador\/unidad-de-aprendizaje\/informatica-en-los-negocios\/\" target=\"_blank\" rel=\"noreferrer noopener\">Inform\u00e1tica en los negocios<\/a><\/p>\n\n\n\n<p class=\"wp-block-paragraph\"><a href=\"https:\/\/blogs.ugto.mx\/contador\/unidad-de-aprendizaje\/derecho-mercantil\/\" target=\"_blank\" rel=\"noreferrer noopener\">Derecho Mercantil<\/a><\/p>\n\n\n\n<p class=\"wp-block-paragraph\"><a href=\"https:\/\/blogs.ugto.mx\/contador\/unidad-de-aprendizaje\/fuentes-de-financiamiento\/\" target=\"_blank\" rel=\"noreferrer noopener\">Fuentes de Financiamiento<\/a><\/p>\n\n\n\n<p class=\"wp-block-paragraph\"><a href=\"https:\/\/blogs.ugto.mx\/contador\/unidad-de-aprendizaje\/derecho-laboral\/\" target=\"_blank\" rel=\"noreferrer noopener\">Derecho Laboral<\/a><\/p>\n\n\n\n<p class=\"wp-block-paragraph\"><a href=\"https:\/\/blogs.ugto.mx\/contador\/unidad-de-aprendizaje\/contabilidad-del-activo\/\" target=\"_blank\" rel=\"noreferrer noopener\">Contabilidad del Activo<\/a><\/p>\n\n\n\n<h2 class=\"wp-block-heading\">Cuarto semestre<\/h2>\n\n\n\n<p class=\"wp-block-paragraph\"><a href=\"https:\/\/blogs.ugto.mx\/contador\/unidad-de-aprendizaje\/contabilidad-de-sociedades-y-otros-conceptos\/\" target=\"_blank\" rel=\"noreferrer noopener\">Contabilidad de Sociedades y Otros Conceptos<\/a><\/p>\n\n\n\n<p class=\"wp-block-paragraph\"><a href=\"https:\/\/blogs.ugto.mx\/contador\/unidad-de-aprendizaje\/normas-de-auditoria\/\" target=\"_blank\" rel=\"noreferrer noopener\">Normas de Auditor\u00eda<\/a><\/p>\n\n\n\n<p class=\"wp-block-paragraph\"><a href=\"https:\/\/blogs.ugto.mx\/contador\/unidad-de-aprendizaje\/isr-personas-fisicas\/\" target=\"_blank\" rel=\"noreferrer noopener\">ISR Personas F\u00edsicas<\/a><\/p>\n\n\n\n<p class=\"wp-block-paragraph\"><a href=\"https:\/\/blogs.ugto.mx\/contador\/unidad-de-aprendizaje\/contabilidad-de-costos\/\" target=\"_blank\" rel=\"noreferrer noopener\">Contabilidad de Costos<\/a><\/p>\n\n\n\n<p class=\"wp-block-paragraph\"><a href=\"https:\/\/blogs.ugto.mx\/contador\/unidad-de-aprendizaje\/comunicacion-organizacional\/\" target=\"_blank\" rel=\"noreferrer noopener\">Comportamiento Organizacional<\/a><\/p>\n\n\n\n<h2 class=\"wp-block-heading\">Sexto semestre<\/h2>\n\n\n\n<p class=\"wp-block-paragraph\"><a href=\"https:\/\/blogs.ugto.mx\/contador\/unidad-de-aprendizaje\/tics-para-contabilidad\/\" target=\"_blank\" rel=\"noreferrer noopener\">TICS para contabilidad<\/a><\/p>\n\n\n\n<p class=\"wp-block-paragraph\"><a href=\"https:\/\/blogs.ugto.mx\/contador\/unidad-de-aprendizaje\/proyectos-de-inversion\/\" target=\"_blank\" rel=\"noreferrer noopener\">Proyectos de inversi\u00f3n<\/a><\/p>\n\n\n\n<p class=\"wp-block-paragraph\"><a href=\"https:\/\/blogs.ugto.mx\/contador\/unidad-de-aprendizaje\/legislacion-aduanera\/\" target=\"_blank\" rel=\"noreferrer noopener\">Legislaci\u00f3n Aduanera<\/a><\/p>\n\n\n\n<p class=\"wp-block-paragraph\"><a href=\"https:\/\/blogs.ugto.mx\/contador\/unidad-de-aprendizaje\/contabilidad-gerencial\/\" target=\"_blank\" rel=\"noreferrer noopener\">Contabilidad Gerencial<\/a><\/p>\n\n\n\n<p class=\"wp-block-paragraph\"><a href=\"https:\/\/blogs.ugto.mx\/contador\/unidad-de-aprendizaje\/comunicacion-organizacional\/\" target=\"_blank\" rel=\"noreferrer noopener\">Comunicaci\u00f3n Organizacional<\/a><\/p>\n\n\n\n<p class=\"wp-block-paragraph\"><a href=\"https:\/\/blogs.ugto.mx\/contador\/unidad-de-aprendizaje\/auditorias-especiales\/\" target=\"_blank\" rel=\"noreferrer noopener\">Auditor\u00edas Especiales<\/a><\/p>\n\n\n\n<h2 class=\"wp-block-heading\">Complementarias<\/h2>\n\n\n\n<p class=\"wp-block-paragraph\"><a href=\"https:\/\/blogs.ugto.mx\/contador\/unidad-de-aprendizaje\/mercadotecnia\/\" target=\"_blank\" rel=\"noreferrer noopener\">Mercadotecnia<\/a><\/p>\n\n\n\n<p class=\"wp-block-paragraph\"><a href=\"https:\/\/blogs.ugto.mx\/contador\/unidad-de-aprendizaje\/globalizacion-economica-y-las-finanzas\/\" target=\"_blank\" rel=\"noreferrer noopener\">Globalizaci\u00f3n Econ\u00f3mica y las Finanzas<\/a><\/p>\n\n\n\n<p class=\"wp-block-paragraph\">Informes Financieros y Contables<\/p>\n\n\n\n<p class=\"wp-block-paragraph\"><a href=\"https:\/\/blogs.ugto.mx\/contador\/unidad-de-aprendizaje\/finanzas-personales\/\" target=\"_blank\" rel=\"noreferrer noopener\">Finanzas Personales<\/a><\/p>\n\n\n\n<p class=\"wp-block-paragraph\"><a href=\"https:\/\/blogs.ugto.mx\/contador\/unidad-de-aprendizaje\/desarrollo-de-competencias-directivas\/\" target=\"_blank\" rel=\"noreferrer noopener\">Desarrollo de competencias directivas<\/a><\/p>\n\n\n\n<h2 class=\"wp-block-heading\">Recursos de apoyo<\/h2>\n\n\n\n<p class=\"wp-block-paragraph\"><a href=\"https:\/\/blogs.ugto.mx\/contador\/guia-de-uso-para-el-portal-red-universitaria-de-aprendizaje-mx\/\">Gu\u00eda de uso para el portal Red Universitaria de Aprendizaje MX<\/a><\/p>\n<\/div>\n<\/div>\n","protected":false},"excerpt":{"rendered":"<p>En este apartado encontrar\u00e1s diversos contenidos did\u00e1cticos asociados a las experiencias educativas que conforman el programa educativo de licenciatura. Primer semestre Administraci\u00f3n contempor\u00e1nea C\u00e1lculo Diferencial Derecho Contabilidad Financiera Derecho Tributario Microeconom\u00eda Matem\u00e1ticas Financieras Comunicaci\u00f3n Profesional Tercer semestre An\u00e1lisis de Estados Financieros Contabilidad de Conceptos Espec\u00edficos Contribuciones de la Seguridad Social Mercados e Instituciones Financieras An\u00e1lisis &#8230; <a title=\"Universidad de Guanajuato\" class=\"read-more\" href=\"https:\/\/blogs.ugto.mx\/contador\/\" aria-label=\"Leer m\u00e1s sobre Universidad de Guanajuato\">Leer m\u00e1s<\/a><\/p>\n","protected":false},"author":142,"featured_media":0,"parent":0,"menu_order":0,"comment_status":"closed","ping_status":"open","template":"","meta":{"_acf_changed":false,"_crdt_document":"","episode_type":"","audio_file":"","podmotor_file_id":"","podmotor_episode_id":"","cover_image":"","cover_image_id":"","duration":"","filesize":"","filesize_raw":"","date_recorded":"","explicit":"","block":"","itunes_episode_number":"","itunes_title":"","itunes_season_number":"","itunes_episode_type":"","footnotes":""},"class_list":["post-2","page","type-page","status-publish"],"acf":[],"_links":{"self":[{"href":"https:\/\/blogs.ugto.mx\/contador\/wp-json\/wp\/v2\/pages\/2","targetHints":{"allow":["GET"]}}],"collection":[{"href":"https:\/\/blogs.ugto.mx\/contador\/wp-json\/wp\/v2\/pages"}],"about":[{"href":"https:\/\/blogs.ugto.mx\/contador\/wp-json\/wp\/v2\/types\/page"}],"author":[{"embeddable":true,"href":"https:\/\/blogs.ugto.mx\/contador\/wp-json\/wp\/v2\/users\/142"}],"replies":[{"embeddable":true,"href":"https:\/\/blogs.ugto.mx\/contador\/wp-json\/wp\/v2\/comments?post=2"}],"version-history":[{"count":8,"href":"https:\/\/blogs.ugto.mx\/contador\/wp-json\/wp\/v2\/pages\/2\/revisions"}],"predecessor-version":[{"id":3036,"href":"https:\/\/blogs.ugto.mx\/contador\/wp-json\/wp\/v2\/pages\/2\/revisions\/3036"}],"wp:attachment":[{"href":"https:\/\/blogs.ugto.mx\/contador\/wp-json\/wp\/v2\/media?parent=2"}],"curies":[{"name":"wp","href":"https:\/\/api.w.org\/{rel}","templated":true}]}}