{"id":2,"date":"2021-09-21T20:32:22","date_gmt":"2021-09-21T20:32:22","guid":{"rendered":"https:\/\/blogs.ugto.mx\/derecho\/?page_id=2"},"modified":"2021-11-18T20:47:17","modified_gmt":"2021-11-18T20:47:17","slug":"pagina-ejemplo","status":"publish","type":"page","link":"https:\/\/blogs.ugto.mx\/derecho\/","title":{"rendered":"Universidad de Guanajuato"},"content":{"rendered":"\n<div class=\"wp-block-cover has-background-dim-30 has-black-background-color has-background-dim\" style=\"min-height:317px;aspect-ratio:unset;\"><img decoding=\"async\" class=\"wp-block-cover__image-background wp-image-206\" alt=\"\" src=\"data:image\/gif;base64,R0lGODlhAQABAIAAAAAAAP\/\/\/yH5BAEAAAAALAAAAAABAAEAAAIBRAA7\" data-src=\"https:\/\/blogs.ugto.mx\/derecho\/wp-content\/uploads\/sites\/67\/2021\/10\/nijueqw0rkg-1024x683.jpg\" style=\"object-position:50% 64%\" data-object-fit=\"cover\" data-object-position=\"50% 64%\"\/><noscript><img loading=\"lazy\" decoding=\"async\" width=\"1024\" height=\"683\" class=\"wp-block-cover__image-background wp-image-206\" alt=\"\" src=\"https:\/\/blogs.ugto.mx\/derecho\/wp-content\/uploads\/sites\/67\/2021\/10\/nijueqw0rkg-1024x683.jpg\" style=\"object-position:50% 64%\" data-object-fit=\"cover\" data-object-position=\"50% 64%\" srcset=\"https:\/\/blogs.ugto.mx\/derecho\/wp-content\/uploads\/sites\/67\/2021\/10\/nijueqw0rkg-1024x683.jpg 1024w, https:\/\/blogs.ugto.mx\/derecho\/wp-content\/uploads\/sites\/67\/2021\/10\/nijueqw0rkg-300x200.jpg 300w, https:\/\/blogs.ugto.mx\/derecho\/wp-content\/uploads\/sites\/67\/2021\/10\/nijueqw0rkg-768x512.jpg 768w, https:\/\/blogs.ugto.mx\/derecho\/wp-content\/uploads\/sites\/67\/2021\/10\/nijueqw0rkg-1536x1024.jpg 1536w, https:\/\/blogs.ugto.mx\/derecho\/wp-content\/uploads\/sites\/67\/2021\/10\/nijueqw0rkg-272x182.jpg 272w, https:\/\/blogs.ugto.mx\/derecho\/wp-content\/uploads\/sites\/67\/2021\/10\/nijueqw0rkg.jpg 1600w\" sizes=\"auto, (max-width: 1024px) 100vw, 1024px\" \/><\/noscript><div class=\"wp-block-cover__inner-container is-layout-flow wp-block-cover-is-layout-flow\">\n<p class=\"has-large-font-size wp-block-paragraph\">Contenidos did\u00e1cticos digitales de<br>las unidades de aprendizaje<\/p>\n<\/div><\/div>\n\n\n\n<p class=\"wp-block-paragraph\">En este apartado encontrar\u00e1s diversos contenidos did\u00e1cticos asociados a las experiencias educativas que conforman el programa educativo de licenciatura.<\/p>\n\n\n\n<div class=\"wp-block-columns is-layout-flex wp-container-core-columns-is-layout-8f761849 wp-block-columns-is-layout-flex\">\n<div class=\"wp-block-column is-layout-flow wp-block-column-is-layout-flow\">\n<h2 class=\"wp-block-heading\">Primer semestre<\/h2>\n\n\n\n<p class=\"wp-block-paragraph\"><a href=\"https:\/\/blogs.ugto.mx\/derecho\/unidad-de-aprendizaje\/historia-del-derecho-romano\/\" target=\"_blank\" rel=\"noreferrer noopener\">Historia del Derecho Romano<\/a><\/p>\n\n\n\n<p class=\"wp-block-paragraph\"><a href=\"https:\/\/blogs.ugto.mx\/derecho\/unidad-de-aprendizaje\/teoria-de-los-derechos-humanos\/\" target=\"_blank\" rel=\"noreferrer noopener\">Teor\u00eda de los Derechos Humanos<\/a><\/p>\n\n\n\n<p class=\"wp-block-paragraph\"><a href=\"https:\/\/blogs.ugto.mx\/derecho\/unidad-de-aprendizaje\/teoria-del-estado\/\" target=\"_blank\" rel=\"noreferrer noopener\">Teor\u00eda del Estado<\/a><\/p>\n\n\n\n<p class=\"wp-block-paragraph\"><a href=\"https:\/\/blogs.ugto.mx\/derecho\/unidad-de-aprendizaje\/teoria-del-derecho\/\" target=\"_blank\" rel=\"noreferrer noopener\">Teor\u00eda del Derecho<\/a><\/p>\n\n\n\n<p class=\"wp-block-paragraph\"><a href=\"https:\/\/blogs.ugto.mx\/derecho\/unidad-de-aprendizaje\/logica-juridica\/\" target=\"_blank\" rel=\"noreferrer noopener\">L\u00f3gica jur\u00eddica<\/a><\/p>\n\n\n\n<p class=\"wp-block-paragraph\"><a href=\"https:\/\/blogs.ugto.mx\/derecho\/unidad-de-aprendizaje\/epistemologia-juridica\/\" target=\"_blank\" rel=\"noreferrer noopener\">Epistemolog\u00eda Jur\u00eddica<\/a><\/p>\n\n\n\n<h2 class=\"wp-block-heading\">Tercer semestre<\/h2>\n\n\n\n<p class=\"wp-block-paragraph\"><a href=\"https:\/\/blogs.ugto.mx\/derecho\/unidad-de-aprendizaje\/derecho-civil-ii-bienes-y-derechos-reales\/\" target=\"_blank\" rel=\"noreferrer noopener\">Derecho Civil II (Bienes y Derechos Reales)<\/a><\/p>\n\n\n\n<p class=\"wp-block-paragraph\"><a href=\"https:\/\/blogs.ugto.mx\/derecho\/unidad-de-aprendizaje\/teoria-general-del-proceso\/\" target=\"_blank\" rel=\"noreferrer noopener\">Teor\u00eda General del Proceso<\/a><\/p>\n\n\n\n<p class=\"wp-block-paragraph\"><a href=\"https:\/\/blogs.ugto.mx\/derecho\/unidad-de-aprendizaje\/derechos-humanos-i\/\" target=\"_blank\" rel=\"noreferrer noopener\">Derechos Humanos I<\/a><\/p>\n\n\n\n<p class=\"wp-block-paragraph\"><a href=\"https:\/\/blogs.ugto.mx\/derecho\/unidad-de-aprendizaje\/derecho-penal-ii\/\" target=\"_blank\" rel=\"noreferrer noopener\">Derecho Penal II (Teor\u00eda General del Delito)<\/a><\/p>\n\n\n\n<p class=\"wp-block-paragraph\"><a href=\"https:\/\/blogs.ugto.mx\/derecho\/unidad-de-aprendizaje\/derecho-mercantil-ii-sociedades-mercantiles\/\" target=\"_blank\" rel=\"noreferrer noopener\">Derecho Mercantil II (Sociedades Mercantiles)<\/a><\/p>\n\n\n\n<p class=\"wp-block-paragraph\"><a href=\"https:\/\/blogs.ugto.mx\/derecho\/unidad-de-aprendizaje\/argumentacion-juridica\/\" target=\"_blank\" rel=\"noreferrer noopener\">Argumentaci\u00f3n Jur\u00eddica<\/a><\/p>\n\n\n\n<p class=\"wp-block-paragraph\"><a href=\"https:\/\/blogs.ugto.mx\/derecho\/unidad-de-aprendizaje\/derecho-del-trabajo-i-individual\/\" target=\"_blank\" rel=\"noreferrer noopener\">Derecho del Trabajo I (Individual)<\/a><\/p>\n\n\n\n<p class=\"wp-block-paragraph\"><a href=\"https:\/\/blogs.ugto.mx\/derecho\/unidad-de-aprendizaje\/tecnicas-de-litigacion-oral\/\" target=\"_blank\" rel=\"noreferrer noopener\">T\u00e9cnicas de Litigaci\u00f3n Oral<\/a><\/p>\n\n\n\n<h2 class=\"wp-block-heading\">Quinto semestre<\/h2>\n\n\n\n<p class=\"wp-block-paragraph\"><a href=\"https:\/\/blogs.ugto.mx\/derecho\/unidad-de-aprendizaje\/derecho-penal-iv-delitos-en-particular\/\" target=\"_blank\" rel=\"noreferrer noopener\">Derecho Penal IV (Delitos en Particular)<\/a><\/p>\n\n\n\n<p class=\"wp-block-paragraph\"><a href=\"https:\/\/blogs.ugto.mx\/derecho\/unidad-de-aprendizaje\/derecho-procesal-penal-ii-proceso-y-juicio\/\" target=\"_blank\" rel=\"noreferrer noopener\">Derecho Procesal Penal II (Proceso y Juicio)<\/a><\/p>\n\n\n\n<p class=\"wp-block-paragraph\"><a href=\"https:\/\/blogs.ugto.mx\/derecho\/unidad-de-aprendizaje\/derecho-mercantil-iv\/\" target=\"_blank\" rel=\"noreferrer noopener\">Derecho Mercantil IV (Contratos)<\/a><\/p>\n\n\n\n<p class=\"wp-block-paragraph\"><a href=\"https:\/\/blogs.ugto.mx\/derecho\/unidad-de-aprendizaje\/derecho-civil-iv-contratos\/\" target=\"_blank\" rel=\"noreferrer noopener\">Derecho Civil IV (Contratos)<\/a><\/p>\n\n\n\n<p class=\"wp-block-paragraph\"><a href=\"https:\/\/blogs.ugto.mx\/derecho\/unidad-de-aprendizaje\/control-de-convencionalidad-y-derechos-humanos\/\" target=\"_blank\" rel=\"noreferrer noopener\">Control de Convencionalidad y Derechos Humanos<\/a><\/p>\n\n\n\n<p class=\"wp-block-paragraph\"><a href=\"https:\/\/blogs.ugto.mx\/derecho\/unidad-de-aprendizaje\/derecho-procesal-laboral\/\" target=\"_blank\" rel=\"noreferrer noopener\">Derecho Procesal Laboral<\/a><\/p>\n\n\n\n<p class=\"wp-block-paragraph\"><a href=\"https:\/\/blogs.ugto.mx\/derecho\/unidad-de-aprendizaje\/amparo-i\/\" target=\"_blank\" rel=\"noreferrer noopener\">Amparo I<\/a><\/p>\n\n\n\n<h2 class=\"wp-block-heading\">S\u00e9ptimo semestre<\/h2>\n\n\n\n<p class=\"wp-block-paragraph\"><a href=\"https:\/\/blogs.ugto.mx\/derecho\/unidad-de-aprendizaje\/derecho-fiscal\/\" target=\"_blank\" rel=\"noreferrer noopener\">Derecho Fiscal<\/a><\/p>\n\n\n\n<p class=\"wp-block-paragraph\"><a href=\"https:\/\/blogs.ugto.mx\/derecho\/unidad-de-aprendizaje\/derecho-procesal-civil-ii-procesos-especiales\/\" target=\"_blank\" rel=\"noreferrer noopener\">Derecho Procesal Civil II (Procesos Especiales)<\/a><\/p>\n\n\n\n<p class=\"wp-block-paragraph\"><a href=\"https:\/\/blogs.ugto.mx\/derecho\/unidad-de-aprendizaje\/derecho-de-la-seguridad-social\/\" target=\"_blank\" rel=\"noreferrer noopener\">Derecho de la Seguridad Social<\/a><\/p>\n\n\n\n<p class=\"wp-block-paragraph\"><a href=\"https:\/\/blogs.ugto.mx\/derecho\/unidad-de-aprendizaje\/medios-de-control-constitucional\/\" target=\"_blank\" rel=\"noreferrer noopener\">Medios de Control Constitucional<\/a><\/p>\n\n\n\n<p class=\"wp-block-paragraph\"><a href=\"https:\/\/blogs.ugto.mx\/derecho\/unidad-de-aprendizaje\/derecho-administrativo-ii-acto-administrativo\/\" target=\"_blank\" rel=\"noreferrer noopener\">Derecho Administrativo II (Acto administrativo)<\/a><\/p>\n\n\n\n<h2 class=\"wp-block-heading\">D\u00e9cimo semestre<\/h2>\n\n\n\n<p class=\"wp-block-paragraph\"><a href=\"https:\/\/blogs.ugto.mx\/derecho\/unidad-de-aprendizaje\/derecho-internacional-privado\/\" target=\"_blank\" rel=\"noreferrer noopener\">Derecho Internacional Privado<\/a><\/p>\n\n\n\n<p class=\"wp-block-paragraph\"><a href=\"https:\/\/blogs.ugto.mx\/derecho\/unidad-de-aprendizaje\/etica-juridica\/\" target=\"_blank\" rel=\"noreferrer noopener\">\u00c9tica Jur\u00eddica<\/a><\/p>\n\n\n\n<p class=\"wp-block-paragraph\"><a href=\"https:\/\/blogs.ugto.mx\/derecho\/unidad-de-aprendizaje\/filosofia-del-derecho\/\" target=\"_blank\" rel=\"noreferrer noopener\">Filosof\u00eda del Derecho<\/a><\/p>\n<\/div>\n\n\n\n<div class=\"wp-block-column is-layout-flow wp-block-column-is-layout-flow\">\n<h2 class=\"wp-block-heading\">Segundo semestre<\/h2>\n\n\n\n<p class=\"wp-block-paragraph\"><a href=\"https:\/\/blogs.ugto.mx\/derecho\/unidad-de-aprendizaje\/derecho-penal-i\/\" target=\"_blank\" rel=\"noreferrer noopener\">Derecho Penal I<\/a><\/p>\n\n\n\n<p class=\"wp-block-paragraph\"><a href=\"https:\/\/blogs.ugto.mx\/derecho\/unidad-de-aprendizaje\/derecho-civil-i-personas-y-familia\/\" target=\"_blank\" rel=\"noreferrer noopener\">Derecho Civil I (personas y familia)<\/a><\/p>\n\n\n\n<p class=\"wp-block-paragraph\"><a href=\"https:\/\/blogs.ugto.mx\/derecho\/unidad-de-aprendizaje\/derecho-mercantil\/\" target=\"_blank\" rel=\"noreferrer noopener\">Derecho Mercantil<\/a><\/p>\n\n\n\n<p class=\"wp-block-paragraph\"><a href=\"https:\/\/blogs.ugto.mx\/derecho\/unidad-de-aprendizaje\/hermeneutica-juridica\/\" target=\"_blank\" rel=\"noreferrer noopener\">Hermen\u00e9utica Jur\u00eddica<\/a><\/p>\n\n\n\n<p class=\"wp-block-paragraph\"><a href=\"https:\/\/blogs.ugto.mx\/derecho\/unidad-de-aprendizaje\/metodologia-juridica\/\" target=\"_blank\" rel=\"noreferrer noopener\">Metodolog\u00eda Jur\u00eddica<\/a><\/p>\n\n\n\n<p class=\"wp-block-paragraph\"><a href=\"https:\/\/blogs.ugto.mx\/derecho\/unidad-de-aprendizaje\/derecho-constitucional\/\" target=\"_blank\" rel=\"noreferrer noopener\">Derecho Constitucional<\/a><\/p>\n\n\n\n<h2 class=\"wp-block-heading\">Cuarto semestre<\/h2>\n\n\n\n<p class=\"wp-block-paragraph\"><a href=\"https:\/\/blogs.ugto.mx\/derecho\/unidad-de-aprendizaje\/derecho-del-trabajo-ii-colectivo\/\" target=\"_blank\" rel=\"noreferrer noopener\">Derecho del Trabajo II (colectivo)<\/a><\/p>\n\n\n\n<p class=\"wp-block-paragraph\"><a href=\"https:\/\/blogs.ugto.mx\/derecho\/unidad-de-aprendizaje\/derechos-humanos-ii\/\" target=\"_blank\" rel=\"noreferrer noopener\">Derechos Humanos II<\/a><\/p>\n\n\n\n<p class=\"wp-block-paragraph\"><a href=\"https:\/\/blogs.ugto.mx\/derecho\/unidad-de-aprendizaje\/derecho-penal-iii-teoria-de-la-pena\/\" target=\"_blank\" rel=\"noreferrer noopener\">Derecho Penal III (Teor\u00eda de la pena)<\/a><\/p>\n\n\n\n<p class=\"wp-block-paragraph\"><a href=\"https:\/\/blogs.ugto.mx\/derecho\/unidad-de-aprendizaje\/derecho-civil-iii-obligaciones\/\" target=\"_blank\" rel=\"noreferrer noopener\">Derecho Civil III (Obligaciones)<\/a><\/p>\n\n\n\n<p class=\"wp-block-paragraph\"><a href=\"https:\/\/blogs.ugto.mx\/derecho\/unidad-de-aprendizaje\/derecho-mercantil-iii-titulos-y-operaciones-de-credito\/\" target=\"_blank\" rel=\"noreferrer noopener\">Derecho Mercantil III (T\u00edtulos y Operaciones de Cr\u00e9dito)<\/a><\/p>\n\n\n\n<p class=\"wp-block-paragraph\"><a href=\"https:\/\/blogs.ugto.mx\/derecho\/unidad-de-aprendizaje\/derecho-municipal\/\" target=\"_blank\" rel=\"noreferrer noopener\">Derecho Municipal<\/a><\/p>\n\n\n\n<p class=\"wp-block-paragraph\"><a href=\"https:\/\/blogs.ugto.mx\/derecho\/unidad-de-aprendizaje\/derecho-procesal-penal-i-averiguacion-previa\/\" target=\"_blank\" rel=\"noreferrer noopener\">Derecho Procesal Penal I (Averiguaci\u00f3n previa)<\/a><\/p>\n\n\n\n<h2 class=\"wp-block-heading\">Sexto semestre<\/h2>\n\n\n\n<p class=\"wp-block-paragraph\"><a href=\"https:\/\/blogs.ugto.mx\/derecho\/unidad-de-aprendizaje\/derecho-penal-v-delitos-especiales\/\" target=\"_blank\" rel=\"noreferrer noopener\">Derecho Penal V (Delitos Especiales)<\/a><\/p>\n\n\n\n<p class=\"wp-block-paragraph\"><a href=\"https:\/\/blogs.ugto.mx\/derecho\/unidad-de-aprendizaje\/derecho-civil-v-sucesiones\/\" target=\"_blank\" rel=\"noreferrer noopener\">Derecho Civil V (Sucesiones)<\/a><\/p>\n\n\n\n<p class=\"wp-block-paragraph\"><a href=\"https:\/\/blogs.ugto.mx\/derecho\/unidad-de-aprendizaje\/derecho-procesal-mercantil\/\" target=\"_blank\" rel=\"noreferrer noopener\">Derecho Procesal Mercantil<\/a><\/p>\n\n\n\n<p class=\"wp-block-paragraph\"><a href=\"https:\/\/blogs.ugto.mx\/derecho\/unidad-de-aprendizaje\/investigacion-sociologica-del-derecho\/\" target=\"_blank\" rel=\"noreferrer noopener\">Investigaci\u00f3n Sociol\u00f3gica del Derecho<\/a><\/p>\n\n\n\n<p class=\"wp-block-paragraph\"><a href=\"https:\/\/blogs.ugto.mx\/derecho\/unidad-de-aprendizaje\/amparo-ii\/\" target=\"_blank\" rel=\"noreferrer noopener\">Amparo II<\/a><\/p>\n\n\n\n<p class=\"wp-block-paragraph\"><a href=\"https:\/\/blogs.ugto.mx\/derecho\/unidad-de-aprendizaje\/derecho-procesal-civil-i\/\" target=\"_blank\" rel=\"noreferrer noopener\">Derecho Procesal Civil I<\/a><\/p>\n\n\n\n<p class=\"wp-block-paragraph\"><a href=\"https:\/\/blogs.ugto.mx\/derecho\/unidad-de-aprendizaje\/derecho-administrativo-i-concepto-y-fuentes\/\" target=\"_blank\" rel=\"noreferrer noopener\">Derecho Administrativo I (Concepto y Fuentes)<\/a><\/p>\n\n\n\n<h2 class=\"wp-block-heading\">Octavo semestre<\/h2>\n\n\n\n<p class=\"wp-block-paragraph\"><a href=\"https:\/\/blogs.ugto.mx\/derecho\/unidad-de-aprendizaje\/derecho-procesal-fiscal\/\" target=\"_blank\" rel=\"noreferrer noopener\">Derecho Procesal Fiscal<\/a><\/p>\n\n\n\n<p class=\"wp-block-paragraph\"><a href=\"https:\/\/blogs.ugto.mx\/derecho\/unidad-de-aprendizaje\/derecho-procesal-civil-iii-juicios-universales\/\" target=\"_blank\" rel=\"noreferrer noopener\">Derecho Procesal Civil III (Juicios Universales)<\/a><\/p>\n\n\n\n<p class=\"wp-block-paragraph\"><a href=\"https:\/\/blogs.ugto.mx\/derecho\/unidad-de-aprendizaje\/derecho-administrativo-iii-concesiones-y-bienes\/\" target=\"_blank\" rel=\"noreferrer noopener\">Derecho Administrativo III (Concesi\u00f3n y Bienes)<\/a><\/p>\n\n\n\n<p class=\"wp-block-paragraph\"><a href=\"https:\/\/blogs.ugto.mx\/derecho\/unidad-de-aprendizaje\/psicologia-juridica\/\" target=\"_blank\" rel=\"noreferrer noopener\">Psicolog\u00eda Jur\u00eddica<\/a><\/p>\n\n\n\n<p class=\"wp-block-paragraph\"><a href=\"https:\/\/blogs.ugto.mx\/derecho\/unidad-de-aprendizaje\/procedimientos-contenciosos-administrativos\/\" target=\"_blank\" rel=\"noreferrer noopener\">Procedimientos Contenciosos Administrativos<\/a><\/p>\n\n\n\n<h2 class=\"wp-block-heading\">Recursos de apoyo<\/h2>\n\n\n\n<p class=\"wp-block-paragraph\"><a href=\"https:\/\/blogs.ugto.mx\/derecho\/guia-de-uso-para-el-portal-red-universitaria-de-aprendizaje-mx\/\">Gu\u00eda de uso para el portal Red Universitaria de Aprendizaje MX<\/a><\/p>\n<\/div>\n<\/div>\n\n\n\n<p class=\"wp-block-paragraph\"><\/p>\n","protected":false},"excerpt":{"rendered":"<p>En este apartado encontrar\u00e1s diversos contenidos did\u00e1cticos asociados a las experiencias educativas que conforman el programa educativo de licenciatura. Primer semestre Historia del Derecho Romano Teor\u00eda de los Derechos Humanos Teor\u00eda del Estado Teor\u00eda del Derecho L\u00f3gica jur\u00eddica Epistemolog\u00eda Jur\u00eddica Tercer semestre Derecho Civil II (Bienes y Derechos Reales) Teor\u00eda General del Proceso Derechos Humanos &#8230; <a title=\"Universidad de Guanajuato\" class=\"read-more\" href=\"https:\/\/blogs.ugto.mx\/derecho\/\" aria-label=\"Leer m\u00e1s sobre Universidad de Guanajuato\">Leer m\u00e1s<\/a><\/p>\n","protected":false},"author":142,"featured_media":0,"parent":0,"menu_order":0,"comment_status":"closed","ping_status":"open","template":"","meta":{"_acf_changed":false,"_crdt_document":"","episode_type":"","audio_file":"","podmotor_file_id":"","podmotor_episode_id":"","cover_image":"","cover_image_id":"","duration":"","filesize":"","filesize_raw":"","date_recorded":"","explicit":"","block":"","itunes_episode_number":"","itunes_title":"","itunes_season_number":"","itunes_episode_type":"","footnotes":""},"class_list":["post-2","page","type-page","status-publish"],"acf":[],"_links":{"self":[{"href":"https:\/\/blogs.ugto.mx\/derecho\/wp-json\/wp\/v2\/pages\/2","targetHints":{"allow":["GET"]}}],"collection":[{"href":"https:\/\/blogs.ugto.mx\/derecho\/wp-json\/wp\/v2\/pages"}],"about":[{"href":"https:\/\/blogs.ugto.mx\/derecho\/wp-json\/wp\/v2\/types\/page"}],"author":[{"embeddable":true,"href":"https:\/\/blogs.ugto.mx\/derecho\/wp-json\/wp\/v2\/users\/142"}],"replies":[{"embeddable":true,"href":"https:\/\/blogs.ugto.mx\/derecho\/wp-json\/wp\/v2\/comments?post=2"}],"version-history":[{"count":10,"href":"https:\/\/blogs.ugto.mx\/derecho\/wp-json\/wp\/v2\/pages\/2\/revisions"}],"predecessor-version":[{"id":2170,"href":"https:\/\/blogs.ugto.mx\/derecho\/wp-json\/wp\/v2\/pages\/2\/revisions\/2170"}],"wp:attachment":[{"href":"https:\/\/blogs.ugto.mx\/derecho\/wp-json\/wp\/v2\/media?parent=2"}],"curies":[{"name":"wp","href":"https:\/\/api.w.org\/{rel}","templated":true}]}}