{"id":48,"date":"2023-06-05T04:00:53","date_gmt":"2023-06-05T04:00:53","guid":{"rendered":"https:\/\/blogs.ugto.mx\/economiadigital\/?page_id=48"},"modified":"2024-06-21T16:11:07","modified_gmt":"2024-06-21T16:11:07","slug":"economia-digital","status":"publish","type":"page","link":"https:\/\/blogs.ugto.mx\/economiadigital\/","title":{"rendered":"COEPES Digital Hub"},"content":{"rendered":"\n<div class=\"wp-block-cover\" style=\"min-height:270px;aspect-ratio:unset;\"><span aria-hidden=\"true\" class=\"wp-block-cover__background has-background-dim-0 has-background-dim\"><\/span><img decoding=\"async\" class=\"wp-block-cover__image-background wp-image-171\" alt=\"COEPES Digital Hub\" src=\"data:image\/gif;base64,R0lGODlhAQABAIAAAAAAAP\/\/\/yH5BAEAAAAALAAAAAABAAEAAAIBRAA7\" data-src=\"https:\/\/blogs.ugto.mx\/economiadigital\/wp-content\/uploads\/sites\/74\/2023\/06\/Logo-izquierdo.jpg\" data-object-fit=\"cover\"\/><noscript><img loading=\"lazy\" decoding=\"async\" width=\"1200\" height=\"300\" class=\"wp-block-cover__image-background wp-image-171\" alt=\"COEPES Digital Hub\" src=\"https:\/\/blogs.ugto.mx\/economiadigital\/wp-content\/uploads\/sites\/74\/2023\/06\/Logo-izquierdo.jpg\" data-object-fit=\"cover\" srcset=\"https:\/\/blogs.ugto.mx\/economiadigital\/wp-content\/uploads\/sites\/74\/2023\/06\/Logo-izquierdo.jpg 1200w, https:\/\/blogs.ugto.mx\/economiadigital\/wp-content\/uploads\/sites\/74\/2023\/06\/Logo-izquierdo-300x75.jpg 300w, https:\/\/blogs.ugto.mx\/economiadigital\/wp-content\/uploads\/sites\/74\/2023\/06\/Logo-izquierdo-1024x256.jpg 1024w, https:\/\/blogs.ugto.mx\/economiadigital\/wp-content\/uploads\/sites\/74\/2023\/06\/Logo-izquierdo-768x192.jpg 768w\" sizes=\"auto, (max-width: 1200px) 100vw, 1200px\" \/><\/noscript><div class=\"wp-block-cover__inner-container is-layout-flow wp-block-cover-is-layout-flow\">\n<p class=\"has-text-align-center has-large-font-size wp-block-paragraph\">Explora la econom\u00eda digital en el<br>COEPES Digital Hub<\/p>\n<\/div><\/div>\n\n\n\n<h2 class=\"wp-block-heading has-text-align-center has-text-color has-large-font-size\" style=\"color:#00294b\"><strong>Repositorio de contenidos<\/strong><\/h2>\n\n\n\n<div class=\"wp-block-group\"><div class=\"wp-block-group__inner-container is-layout-constrained wp-block-group-is-layout-constrained\">\n<p class=\"has-text-align-center has-contrast-2-color has-text-color has-medium-font-size wp-block-paragraph\">El COEPES Digital Hub es un repositorio de contenidos did\u00e1cticos dise\u00f1ado para impulsar y potenciar el desarrollo de habilidades en el contexto de la econom\u00eda digital. Esta plataforma es un recurso invaluable para las personas interesadas en adquirir conocimientos y competencias relevantes para enfrentar los desaf\u00edos y aprovechar las oportunidades que ofrece el mundo digital. Navega por nuestras categor\u00edas y accede un mundo de oportunidades en el entorno digital.<\/p>\n\n\n\n<div style=\"height:25px\" aria-hidden=\"true\" class=\"wp-block-spacer\"><\/div>\n\n\n\n<div class=\"wp-block-columns is-layout-flex wp-container-core-columns-is-layout-8f761849 wp-block-columns-is-layout-flex\">\n<div class=\"wp-block-column is-layout-flow wp-block-column-is-layout-flow\">\n<h3 class=\"wp-block-heading has-text-color\" style=\"color:#00294B\n\"><img decoding=\"async\" style=\"float:left; width:25px; height:25px;\" src=\"https:\/\/blogs.ugto.mx\/economiadigital\/wp-content\/uploads\/sites\/74\/2023\/06\/Circulo.png\"><strong style=\"padding-left:5px;\">Habilidades digitales<\/strong><\/h3>\n\n\n\n<ul class=\"wp-block-list\">\n<li class=\"has-medium-font-size\"><a href=\"https:\/\/blogs.ugto.mx\/economiadigital\/2023\/06\/05\/conocimientos-fundamentales-de-computacion\/\" target=\"_blank\" rel=\"noreferrer noopener\">Conocimientos fundamentales de computaci\u00f3n<\/a><\/li>\n\n\n\n<li class=\"has-medium-font-size\"><a href=\"https:\/\/blogs.ugto.mx\/economiadigital\/2023\/06\/05\/conocimientos-fundamentales-de-aplicaciones-en-linea\/\" target=\"_blank\" rel=\"noreferrer noopener\">Conocimientos fundamentales de aplicaciones en l\u00ednea<\/a><\/li>\n\n\n\n<li class=\"has-medium-font-size\"><a href=\"https:\/\/blogs.ugto.mx\/economiadigital\/2023\/06\/05\/procesador-de-textos\/\" target=\"_blank\" rel=\"noreferrer noopener\">Procesador de textos<\/a><\/li>\n\n\n\n<li class=\"has-medium-font-size\"><a href=\"https:\/\/blogs.ugto.mx\/economiadigital\/2023\/06\/05\/hoja-de-calculo\/\" target=\"_blank\" rel=\"noreferrer noopener\">Hoja de c\u00e1lculo<\/a><\/li>\n\n\n\n<li class=\"has-medium-font-size\"><a href=\"https:\/\/blogs.ugto.mx\/economiadigital\/2023\/06\/05\/presentaciones\/\" target=\"_blank\" rel=\"noreferrer noopener\">Presentaciones<\/a><\/li>\n\n\n\n<li class=\"has-medium-font-size\"><a href=\"https:\/\/blogs.ugto.mx\/economiadigital\/2023\/06\/05\/herramientas-de-colaboracion-en-linea\/\" target=\"_blank\" rel=\"noreferrer noopener\">Herramientas de colaboraci\u00f3n en l\u00ednea<\/a><\/li>\n\n\n\n<li class=\"has-medium-font-size\"><a href=\"https:\/\/blogs.ugto.mx\/economiadigital\/2023\/06\/05\/seguridad-informatica\/\" target=\"_blank\" rel=\"noreferrer noopener\">Seguridad inform\u00e1tica<\/a><\/li>\n\n\n\n<li class=\"has-medium-font-size\"><a href=\"https:\/\/blogs.ugto.mx\/economiadigital\/2023\/06\/05\/tic-para-la-educacion\/\" target=\"_blank\" rel=\"noreferrer noopener\">TIC para la educaci\u00f3n<\/a><\/li>\n<\/ul>\n<\/div>\n\n\n\n<div class=\"wp-block-column is-layout-flow wp-block-column-is-layout-flow\">\n<h3 class=\"wp-block-heading has-text-color\" style=\"color:#00294B\n\"><img decoding=\"async\" style=\"float:left; width:25px; height:25px;\" src=\"https:\/\/blogs.ugto.mx\/economiadigital\/wp-content\/uploads\/sites\/74\/2023\/06\/Circulo.png\"><strong style=\"padding-left:5px;\">Marketing digital<\/strong><\/h3>\n\n\n\n<ul class=\"wp-block-list\">\n<li class=\"has-medium-font-size\"><a href=\"https:\/\/blogs.ugto.mx\/economiadigital\/2023\/06\/06\/marketing-digital-para-pymes-lo-que-no-debes-olvidar\/\" target=\"_blank\" rel=\"noreferrer noopener\">Marketing digital para PyMes, lo que no debes olvidar<\/a><\/li>\n<\/ul>\n\n\n\n<h3 class=\"wp-block-heading has-text-color\" style=\"color:#00294B\n\"><img decoding=\"async\" style=\"float:left; width:25px; height:25px;\" src=\"https:\/\/blogs.ugto.mx\/economiadigital\/wp-content\/uploads\/sites\/74\/2023\/06\/Circulo.png\"><strong style=\"padding-left:5px;\">Habilidades de comunicaci\u00f3n y venta<\/strong><\/h3>\n\n\n\n<ul class=\"wp-block-list\">\n<li class=\"has-medium-font-size\"><a href=\"https:\/\/oa.ugto.mx\/oa\/curso_creando_un_pitch_de_impacto\/oa-rg-0002973\/#\/\" target=\"_blank\" rel=\"noreferrer noopener\">\u00bfC\u00f3mo generar un Pitch?<\/a><\/li>\n<\/ul>\n\n\n\n<h3 class=\"wp-block-heading has-text-color\" style=\"color:#00294B\n\"><img decoding=\"async\" style=\"float:left; width:25px; height:25px;\" src=\"https:\/\/blogs.ugto.mx\/economiadigital\/wp-content\/uploads\/sites\/74\/2023\/06\/Circulo.png\"><strong style=\"padding-left:5px;\">Gesti\u00f3n de negocios<\/strong><\/h3>\n\n\n\n<ul class=\"wp-block-list\">\n<li class=\"has-medium-font-size\"><a href=\"https:\/\/oa.ugto.mx\/oa\/uda_administracion_de_negocios_lan\/oa-rg-0004952\/#\/\" target=\"_blank\" rel=\"noreferrer noopener\">La administraci\u00f3n de los peque\u00f1os negocios (Mi PYMES)<\/a><\/li>\n<\/ul>\n<\/div>\n<\/div>\n<\/div><\/div>\n","protected":false},"excerpt":{"rendered":"<p>Repositorio de contenidos El COEPES Digital Hub es un repositorio de contenidos did\u00e1cticos dise\u00f1ado para impulsar y potenciar el desarrollo de habilidades en el contexto de la econom\u00eda digital. Esta plataforma es un recurso invaluable para las personas interesadas en adquirir conocimientos y competencias relevantes para enfrentar los desaf\u00edos y aprovechar las oportunidades que ofrece &#8230; <a title=\"COEPES Digital Hub\" class=\"read-more\" href=\"https:\/\/blogs.ugto.mx\/economiadigital\/\" aria-label=\"Leer m\u00e1s sobre COEPES Digital Hub\">Leer m\u00e1s<\/a><\/p>\n","protected":false},"author":1,"featured_media":0,"parent":0,"menu_order":0,"comment_status":"closed","ping_status":"closed","template":"","meta":{"_acf_changed":false,"_crdt_document":"","episode_type":"","audio_file":"","podmotor_file_id":"","podmotor_episode_id":"","cover_image":"","cover_image_id":"","duration":"","filesize":"","filesize_raw":"","date_recorded":"","explicit":"","block":"","itunes_episode_number":"","itunes_title":"","itunes_season_number":"","itunes_episode_type":"","footnotes":""},"class_list":["post-48","page","type-page","status-publish"],"acf":[],"_links":{"self":[{"href":"https:\/\/blogs.ugto.mx\/economiadigital\/wp-json\/wp\/v2\/pages\/48","targetHints":{"allow":["GET"]}}],"collection":[{"href":"https:\/\/blogs.ugto.mx\/economiadigital\/wp-json\/wp\/v2\/pages"}],"about":[{"href":"https:\/\/blogs.ugto.mx\/economiadigital\/wp-json\/wp\/v2\/types\/page"}],"author":[{"embeddable":true,"href":"https:\/\/blogs.ugto.mx\/economiadigital\/wp-json\/wp\/v2\/users\/1"}],"replies":[{"embeddable":true,"href":"https:\/\/blogs.ugto.mx\/economiadigital\/wp-json\/wp\/v2\/comments?post=48"}],"version-history":[{"count":38,"href":"https:\/\/blogs.ugto.mx\/economiadigital\/wp-json\/wp\/v2\/pages\/48\/revisions"}],"predecessor-version":[{"id":226,"href":"https:\/\/blogs.ugto.mx\/economiadigital\/wp-json\/wp\/v2\/pages\/48\/revisions\/226"}],"wp:attachment":[{"href":"https:\/\/blogs.ugto.mx\/economiadigital\/wp-json\/wp\/v2\/media?parent=48"}],"curies":[{"name":"wp","href":"https:\/\/api.w.org\/{rel}","templated":true}]}}