{"id":2,"date":"2017-11-23T19:43:21","date_gmt":"2017-11-23T19:43:21","guid":{"rendered":"https:\/\/blogs.ugto.mx\/enfermeriaenlinea\/?page_id=2"},"modified":"2021-09-21T14:56:08","modified_gmt":"2021-09-21T19:56:08","slug":"categorias","status":"publish","type":"page","link":"https:\/\/blogs.ugto.mx\/enfermeriaenlinea\/","title":{"rendered":"Universidad de Guanajuato"},"content":{"rendered":"\n<div class=\"wp-block-cover has-background-dim-10 has-cyan-bluish-gray-background-color has-background-dim\" style=\"min-height:317px;aspect-ratio:unset;\"><img decoding=\"async\" data-attachment-id=\"10602\" data-permalink=\"https:\/\/blogs.ugto.mx\/enfermeriaenlinea\/categorias\/photo-by-medicalert-uk\/#main\" data-orig-file=\"https:\/\/i0.wp.com\/blogs.ugto.mx\/enfermeriaenlinea\/wp-content\/uploads\/sites\/43\/2021\/09\/xjlyft-ibd0.jpg?fit=1600%2C1067&amp;ssl=1\" data-orig-size=\"1600,1067\" data-comments-opened=\"0\" data-image-meta=\"{&quot;aperture&quot;:&quot;0&quot;,&quot;credit&quot;:&quot;&quot;,&quot;camera&quot;:&quot;&quot;,&quot;caption&quot;:&quot;&quot;,&quot;created_timestamp&quot;:&quot;0&quot;,&quot;copyright&quot;:&quot;&quot;,&quot;focal_length&quot;:&quot;0&quot;,&quot;iso&quot;:&quot;0&quot;,&quot;shutter_speed&quot;:&quot;0&quot;,&quot;title&quot;:&quot;&quot;,&quot;orientation&quot;:&quot;0&quot;}\" data-image-title=\"Licenciatura en Enfermer\u00eda y Obstetricia\" data-image-description=\"\" data-image-caption=\"\" data-medium-file=\"https:\/\/i0.wp.com\/blogs.ugto.mx\/enfermeriaenlinea\/wp-content\/uploads\/sites\/43\/2021\/09\/xjlyft-ibd0.jpg?fit=300%2C200&amp;ssl=1\" data-large-file=\"https:\/\/i0.wp.com\/blogs.ugto.mx\/enfermeriaenlinea\/wp-content\/uploads\/sites\/43\/2021\/09\/xjlyft-ibd0.jpg?fit=1024%2C683&amp;ssl=1\" class=\"wp-block-cover__image-background wp-image-10602\" alt=\"\" src=\"data:image\/gif;base64,R0lGODlhAQABAIAAAAAAAP\/\/\/yH5BAEAAAAALAAAAAABAAEAAAIBRAA7\" data-src=\"https:\/\/blogs.ugto.mx\/enfermeriaenlinea\/wp-content\/uploads\/sites\/43\/2021\/09\/xjlyft-ibd0-1024x683.jpg\" style=\"object-position:53% 67%\" data-object-fit=\"cover\" data-object-position=\"53% 67%\"\/><noscript><img data-recalc-dims=\"1\" loading=\"lazy\" decoding=\"async\" width=\"1024\" height=\"683\" data-attachment-id=\"10602\" data-permalink=\"https:\/\/blogs.ugto.mx\/enfermeriaenlinea\/categorias\/photo-by-medicalert-uk\/#main\" data-orig-file=\"https:\/\/i0.wp.com\/blogs.ugto.mx\/enfermeriaenlinea\/wp-content\/uploads\/sites\/43\/2021\/09\/xjlyft-ibd0.jpg?fit=1600%2C1067&amp;ssl=1\" data-orig-size=\"1600,1067\" data-comments-opened=\"0\" data-image-meta=\"{&quot;aperture&quot;:&quot;0&quot;,&quot;credit&quot;:&quot;&quot;,&quot;camera&quot;:&quot;&quot;,&quot;caption&quot;:&quot;&quot;,&quot;created_timestamp&quot;:&quot;0&quot;,&quot;copyright&quot;:&quot;&quot;,&quot;focal_length&quot;:&quot;0&quot;,&quot;iso&quot;:&quot;0&quot;,&quot;shutter_speed&quot;:&quot;0&quot;,&quot;title&quot;:&quot;&quot;,&quot;orientation&quot;:&quot;0&quot;}\" data-image-title=\"Licenciatura en Enfermer\u00eda y Obstetricia\" data-image-description=\"\" data-image-caption=\"\" data-medium-file=\"https:\/\/i0.wp.com\/blogs.ugto.mx\/enfermeriaenlinea\/wp-content\/uploads\/sites\/43\/2021\/09\/xjlyft-ibd0.jpg?fit=300%2C200&amp;ssl=1\" data-large-file=\"https:\/\/i0.wp.com\/blogs.ugto.mx\/enfermeriaenlinea\/wp-content\/uploads\/sites\/43\/2021\/09\/xjlyft-ibd0.jpg?fit=1024%2C683&amp;ssl=1\" class=\"wp-block-cover__image-background wp-image-10602\" alt=\"\" src=\"https:\/\/i0.wp.com\/blogs.ugto.mx\/enfermeriaenlinea\/wp-content\/uploads\/sites\/43\/2021\/09\/xjlyft-ibd0.jpg?resize=1024%2C683&#038;ssl=1\" style=\"object-position:53% 67%\" data-object-fit=\"cover\" data-object-position=\"53% 67%\" srcset=\"https:\/\/i0.wp.com\/blogs.ugto.mx\/enfermeriaenlinea\/wp-content\/uploads\/sites\/43\/2021\/09\/xjlyft-ibd0.jpg?resize=1024%2C683&amp;ssl=1 1024w, https:\/\/i0.wp.com\/blogs.ugto.mx\/enfermeriaenlinea\/wp-content\/uploads\/sites\/43\/2021\/09\/xjlyft-ibd0.jpg?resize=300%2C200&amp;ssl=1 300w, https:\/\/i0.wp.com\/blogs.ugto.mx\/enfermeriaenlinea\/wp-content\/uploads\/sites\/43\/2021\/09\/xjlyft-ibd0.jpg?resize=768%2C512&amp;ssl=1 768w, https:\/\/i0.wp.com\/blogs.ugto.mx\/enfermeriaenlinea\/wp-content\/uploads\/sites\/43\/2021\/09\/xjlyft-ibd0.jpg?resize=1536%2C1024&amp;ssl=1 1536w, https:\/\/i0.wp.com\/blogs.ugto.mx\/enfermeriaenlinea\/wp-content\/uploads\/sites\/43\/2021\/09\/xjlyft-ibd0.jpg?resize=272%2C182&amp;ssl=1 272w, https:\/\/i0.wp.com\/blogs.ugto.mx\/enfermeriaenlinea\/wp-content\/uploads\/sites\/43\/2021\/09\/xjlyft-ibd0.jpg?w=1600&amp;ssl=1 1600w\" sizes=\"auto, (max-width: 1024px) 100vw, 1024px\" \/><\/noscript><div class=\"wp-block-cover__inner-container is-layout-flow wp-block-cover-is-layout-flow\">\n<p class=\"has-large-font-size wp-block-paragraph\"><meta charset=\"utf-8\">Contenidos did\u00e1cticos digitales de<br>las unidades de aprendizaje<\/p>\n<\/div><\/div>\n\n\n\n<div class=\"wp-block-columns is-layout-flex wp-container-core-columns-is-layout-8f761849 wp-block-columns-is-layout-flex\">\n<div class=\"wp-block-column is-layout-flow wp-block-column-is-layout-flow\">\n<h2 class=\"wp-block-heading\">Primera inscripci\u00f3n<\/h2>\n\n\n\n<ul class=\"wp-block-list\"><li><a href=\"https:\/\/blogs.ugto.mx\/enfermeriaenlinea\/uda\/anatomia-y-fisiologia-i\/\">Anatom\u00eda y fisiolog\u00eda I<\/a><\/li><\/ul>\n\n\n\n<ul class=\"wp-block-list\"><li><a href=\"https:\/\/blogs.ugto.mx\/enfermeriaenlinea\/uda\/microbiologia-y-parasitologia\/\">Microbiolog\u00eda y parasitolog\u00eda<\/a><\/li><\/ul>\n\n\n\n<ul class=\"wp-block-list\"><li><a href=\"https:\/\/blogs.ugto.mx\/enfermeriaenlinea\/uda\/nutricion\/\">Nutrici\u00f3n<\/a><\/li><\/ul>\n\n\n\n<ul class=\"wp-block-list\"><li><a href=\"https:\/\/blogs.ugto.mx\/enfermeriaenlinea\/uda\/contexto-de-la-salud\/\">Contexto de la salud<\/a><\/li><\/ul>\n\n\n\n<ul class=\"wp-block-list\"><li><a href=\"https:\/\/blogs.ugto.mx\/enfermeriaenlinea\/uda\/psicologia\/\">Psicolog\u00eda<\/a><\/li><\/ul>\n\n\n\n<ul class=\"wp-block-list\"><li><a href=\"https:\/\/blogs.ugto.mx\/enfermeriaenlinea\/uda\/introduccion-a-enfermeria\/\">Introducci\u00f3n a enfermer\u00eda<\/a><\/li><\/ul>\n\n\n\n<ul class=\"wp-block-list\"><li><a href=\"https:\/\/blogs.ugto.mx\/enfermeriaenlinea\/uda\/introduccion-a-la-universidad\/\">Inducci\u00f3n a la universidad<\/a><\/li><\/ul>\n\n\n\n<h2 class=\"wp-block-heading\">Tercera <meta charset=\"utf-8\">inscripci\u00f3n<\/h2>\n\n\n\n<ul class=\"wp-block-list\"><li><a href=\"https:\/\/blogs.ugto.mx\/enfermeriaenlinea\/uda\/ginecobstetricia\/\">Ginecobstetricia<\/a><\/li><\/ul>\n\n\n\n<ul class=\"wp-block-list\"><li><a href=\"https:\/\/blogs.ugto.mx\/enfermeriaenlinea\/uda\/farmacologia\/\">Farmacolog\u00eda<\/a><\/li><\/ul>\n\n\n\n<ul class=\"wp-block-list\"><li><a href=\"https:\/\/blogs.ugto.mx\/enfermeriaenlinea\/uda\/enfermeria-comunitaria\/\">Enfermer\u00eda comunitaria<\/a><\/li><\/ul>\n\n\n\n<ul class=\"wp-block-list\"><li><a href=\"https:\/\/blogs.ugto.mx\/enfermeriaenlinea\/uda\/relaciones-interpersonales\/\">Relaciones interpersonales<\/a><\/li><\/ul>\n\n\n\n<ul class=\"wp-block-list\"><li><a href=\"https:\/\/blogs.ugto.mx\/enfermeriaenlinea\/uda\/enfermeria-ciclo-reproductivo\/\">Enfermer\u00eda en el ciclo reproductivo<\/a><\/li><\/ul>\n\n\n\n<h2 class=\"wp-block-heading\">Quinta <meta charset=\"utf-8\">inscripci\u00f3n<\/h2>\n\n\n\n<ul class=\"wp-block-list\"><li><a href=\"https:\/\/blogs.ugto.mx\/enfermeriaenlinea\/uda\/patologia\/\">Patolog\u00eda<\/a><\/li><\/ul>\n\n\n\n<ul class=\"wp-block-list\"><li><a href=\"https:\/\/blogs.ugto.mx\/enfermeriaenlinea\/uda\/rehabilitacion\/\">Rehabilitaci\u00f3n<\/a><\/li><\/ul>\n\n\n\n<ul class=\"wp-block-list\"><li><a href=\"https:\/\/blogs.ugto.mx\/enfermeriaenlinea\/uda\/enfermeria-infantil\/\">Enfermer\u00eda infantil<\/a><\/li><\/ul>\n\n\n\n<ul class=\"wp-block-list\"><li><a href=\"https:\/\/blogs.ugto.mx\/enfermeriaenlinea\/uda\/estadistica\/\">Estad\u00edstica<\/a><\/li><\/ul>\n\n\n\n<h2 class=\"wp-block-heading\">S\u00e9ptima <meta charset=\"utf-8\">inscripci\u00f3n<\/h2>\n\n\n\n<ul class=\"wp-block-list\"><li><a href=\"https:\/\/blogs.ugto.mx\/enfermeriaenlinea\/uda\/enfermeria-gereontogereatrica\/\">Enfermer\u00eda gerontogeriatrica<\/a><\/li><\/ul>\n\n\n\n<ul class=\"wp-block-list\"><li><a href=\"https:\/\/blogs.ugto.mx\/enfermeriaenlinea\/uda\/enfermeria-laboral\/\">Enfermer\u00eda laboral<\/a><\/li><\/ul>\n\n\n\n<ul class=\"wp-block-list\"><li><a href=\"https:\/\/blogs.ugto.mx\/enfermeriaenlinea\/uda\/administracion-de-los-servicios-de-enfermeria\/\">Administraci\u00f3n de los servicios de enfermer\u00eda<\/a><\/li><\/ul>\n<\/div>\n\n\n\n<div class=\"wp-block-column is-layout-flow wp-block-column-is-layout-flow\">\n<h2 class=\"wp-block-heading\">Segunda inscripci\u00f3n<\/h2>\n\n\n\n<ul class=\"wp-block-list\"><li><a style=\"font-size: inherit; font-family: -apple-system, system-ui, BlinkMacSystemFont, &quot;Segoe UI&quot;, Helvetica, Arial, sans-serif, &quot;Apple Color Emoji&quot;, &quot;Segoe UI Emoji&quot;, &quot;Segoe UI Symbol&quot;;\" href=\"https:\/\/blogs.ugto.mx\/enfermeriaenlinea\/uda\/anatomia-y-fisiologia-ii\/\">Anatom\u00eda y fisiolog\u00eda II<\/a><\/li><\/ul>\n\n\n\n<ul class=\"wp-block-list\"><li><a style=\"font-size: inherit; font-family: -apple-system, system-ui, BlinkMacSystemFont, &quot;Segoe UI&quot;, Helvetica, Arial, sans-serif, &quot;Apple Color Emoji&quot;, &quot;Segoe UI Emoji&quot;, &quot;Segoe UI Symbol&quot;;\" href=\"https:\/\/blogs.ugto.mx\/enfermeriaenlinea\/uda\/obstetricia\/\">Obstetricia<\/a><\/li><\/ul>\n\n\n\n<ul class=\"wp-block-list\"><li><a href=\"https:\/\/blogs.ugto.mx\/enfermeriaenlinea\/uda\/promocion-de-la-salud\/\">Promoci\u00f3n de la salud<\/a><\/li><\/ul>\n\n\n\n<ul class=\"wp-block-list\"><li><a href=\"https:\/\/blogs.ugto.mx\/enfermeriaenlinea\/uda\/enfermeria-basica\/\">Enfermer\u00eda b\u00e1sica<\/a><\/li><\/ul>\n\n\n\n<ul class=\"wp-block-list\"><li><a href=\"https:\/\/blogs.ugto.mx\/enfermeriaenlinea\/uda\/enfermeria-psicosocial\/\">Enfermer\u00eda psicosocial<\/a><\/li><\/ul>\n\n\n\n<ul class=\"wp-block-list\"><li><a href=\"https:\/\/blogs.ugto.mx\/enfermeriaenlinea\/uda\/comunicacion\/\">Comunicaci\u00f3n<\/a><\/li><\/ul>\n\n\n\n<ul class=\"wp-block-list\"><li><a href=\"https:\/\/blogs.ugto.mx\/enfermeriaenlinea\/uda\/etica-y-bietica\/\">\u00c9tica y bio\u00e9tica<\/a><\/li><\/ul>\n\n\n\n<ul class=\"wp-block-list\"><li><a href=\"https:\/\/blogs.ugto.mx\/enfermeriaenlinea\/uda\/activacion-fisica-o-deporte\/\">Activaci\u00f3n f\u00edsica o deporte<\/a><\/li><\/ul>\n\n\n\n<h2 class=\"wp-block-heading\">Cuarta <meta charset=\"utf-8\">inscripci\u00f3n<\/h2>\n\n\n\n<ul class=\"wp-block-list\"><li><a href=\"https:\/\/blogs.ugto.mx\/enfermeriaenlinea\/uda\/salud-mental\/\">Salud mental<\/a><\/li><\/ul>\n\n\n\n<ul class=\"wp-block-list\"><li><a href=\"https:\/\/blogs.ugto.mx\/enfermeriaenlinea\/uda\/enfermeria-ginecobstetrica\/\">Enfermer\u00eda ginecobst\u00e9trica<\/a><\/li><\/ul>\n\n\n\n<ul class=\"wp-block-list\"><li><a href=\"https:\/\/blogs.ugto.mx\/enfermeriaenlinea\/uda\/enfermeria-quirurgica\/\">Enfermer\u00eda quir\u00fargica<\/a><\/li><\/ul>\n\n\n\n<ul class=\"wp-block-list\"><li><a href=\"https:\/\/blogs.ugto.mx\/enfermeriaenlinea\/uda\/didactica\/\">Did\u00e1ctica<\/a><\/li><\/ul>\n\n\n\n<h2 class=\"wp-block-heading\">Sexta inscripci\u00f3n<\/h2>\n\n\n\n<ul class=\"wp-block-list\"><li><a href=\"https:\/\/blogs.ugto.mx\/enfermeriaenlinea\/uda\/enfermeria-psiquiatrica\/\">Enfermer\u00eda psiqui\u00e1trica<\/a><\/li><\/ul>\n\n\n\n<ul class=\"wp-block-list\"><li><a href=\"https:\/\/blogs.ugto.mx\/enfermeriaenlinea\/uda\/enfermeria-del-adulto\/\">Enfermer\u00eda del adulto<\/a><\/li><\/ul>\n\n\n\n<ul class=\"wp-block-list\"><li><a href=\"https:\/\/blogs.ugto.mx\/enfermeriaenlinea\/uda\/epidemiologia\/\">Epidemiolog\u00eda<\/a><\/li><\/ul>\n\n\n\n<ul class=\"wp-block-list\"><li><a href=\"https:\/\/blogs.ugto.mx\/enfermeriaenlinea\/uda\/metodologia-de-la-investigacion-i\/\">Metodolog\u00eda de la investigaci\u00f3n I<\/a><\/li><\/ul>\n<\/div>\n<\/div>\n","protected":false},"excerpt":{"rendered":"<p>Primera inscripci\u00f3n Anatom\u00eda y fisiolog\u00eda I Microbiolog\u00eda y parasitolog\u00eda Nutrici\u00f3n Contexto de la salud Psicolog\u00eda Introducci\u00f3n a enfermer\u00eda Inducci\u00f3n a la universidad Tercera inscripci\u00f3n Ginecobstetricia Farmacolog\u00eda Enfermer\u00eda comunitaria Relaciones interpersonales Enfermer\u00eda en el ciclo reproductivo Quinta inscripci\u00f3n Patolog\u00eda Rehabilitaci\u00f3n Enfermer\u00eda infantil Estad\u00edstica S\u00e9ptima inscripci\u00f3n Enfermer\u00eda gerontogeriatrica Enfermer\u00eda laboral Administraci\u00f3n de los servicios de enfermer\u00eda Segunda &#8230; <a title=\"Universidad de Guanajuato\" class=\"read-more\" href=\"https:\/\/blogs.ugto.mx\/enfermeriaenlinea\/\" aria-label=\"Leer m\u00e1s sobre Universidad de Guanajuato\">Leer m\u00e1s<\/a><\/p>\n","protected":false},"author":1,"featured_media":0,"parent":0,"menu_order":0,"comment_status":"closed","ping_status":"closed","template":"","meta":{"_acf_changed":false,"_crdt_document":"","episode_type":"","audio_file":"","podmotor_file_id":"","podmotor_episode_id":"","cover_image":"","cover_image_id":"","duration":"","filesize":"","filesize_raw":"","date_recorded":"","explicit":"","block":"","itunes_episode_number":"","itunes_title":"","itunes_season_number":"","itunes_episode_type":"","jetpack_post_was_ever_published":false,"footnotes":""},"class_list":["post-2","page","type-page","status-publish"],"acf":[],"jetpack_sharing_enabled":true,"jetpack_shortlink":"https:\/\/wp.me\/P9Pe0m-2","jetpack-related-posts":[],"_links":{"self":[{"href":"https:\/\/blogs.ugto.mx\/enfermeriaenlinea\/wp-json\/wp\/v2\/pages\/2","targetHints":{"allow":["GET"]}}],"collection":[{"href":"https:\/\/blogs.ugto.mx\/enfermeriaenlinea\/wp-json\/wp\/v2\/pages"}],"about":[{"href":"https:\/\/blogs.ugto.mx\/enfermeriaenlinea\/wp-json\/wp\/v2\/types\/page"}],"author":[{"embeddable":true,"href":"https:\/\/blogs.ugto.mx\/enfermeriaenlinea\/wp-json\/wp\/v2\/users\/1"}],"replies":[{"embeddable":true,"href":"https:\/\/blogs.ugto.mx\/enfermeriaenlinea\/wp-json\/wp\/v2\/comments?post=2"}],"version-history":[{"count":15,"href":"https:\/\/blogs.ugto.mx\/enfermeriaenlinea\/wp-json\/wp\/v2\/pages\/2\/revisions"}],"predecessor-version":[{"id":10604,"href":"https:\/\/blogs.ugto.mx\/enfermeriaenlinea\/wp-json\/wp\/v2\/pages\/2\/revisions\/10604"}],"wp:attachment":[{"href":"https:\/\/blogs.ugto.mx\/enfermeriaenlinea\/wp-json\/wp\/v2\/media?parent=2"}],"curies":[{"name":"wp","href":"https:\/\/api.w.org\/{rel}","templated":true}]}}