{"id":235,"date":"2023-05-10T14:37:23","date_gmt":"2023-05-10T14:37:23","guid":{"rendered":"https:\/\/blogs.ugto.mx\/jornada\/?page_id=235"},"modified":"2023-05-26T20:38:27","modified_gmt":"2023-05-26T20:38:27","slug":"actividades","status":"publish","type":"page","link":"https:\/\/blogs.ugto.mx\/jornada\/","title":{"rendered":"Jornada"},"content":{"rendered":"\n<div class=\"wp-block-cover aligncenter\" style=\"min-height:263px;aspect-ratio:unset;\"><span aria-hidden=\"true\" class=\"wp-block-cover__background has-background-dim-20 has-background-dim\"><\/span><img decoding=\"async\" class=\"wp-block-cover__image-background wp-image-57\" alt=\"\" src=\"data:image\/gif;base64,R0lGODlhAQABAIAAAAAAAP\/\/\/yH5BAEAAAAALAAAAAABAAEAAAIBRAA7\" data-src=\"https:\/\/blogs.ugto.mx\/jornada\/wp-content\/uploads\/sites\/73\/2023\/05\/Banner-1024x256.png\" style=\"object-position:44% 56%\" data-object-fit=\"cover\" data-object-position=\"44% 56%\"\/><noscript><img loading=\"lazy\" decoding=\"async\" width=\"1024\" height=\"256\" class=\"wp-block-cover__image-background wp-image-57\" alt=\"\" src=\"https:\/\/blogs.ugto.mx\/jornada\/wp-content\/uploads\/sites\/73\/2023\/05\/Banner-1024x256.png\" style=\"object-position:44% 56%\" data-object-fit=\"cover\" data-object-position=\"44% 56%\"\/><\/noscript><div class=\"wp-block-cover__inner-container is-layout-flow wp-block-cover-is-layout-flow\">\n<p class=\"has-text-align-center has-large-font-size wp-block-paragraph\"><br><strong><strong>Explorando el futuro de la educaci\u00f3n digital<\/strong><\/strong><\/p>\n\n\n\n<p class=\"has-text-align-center wp-block-paragraph\" style=\"font-size:23px\"><strong>Mayo 26, 2023<\/strong><\/p>\n<\/div><\/div>\n\n\n\n<h2 class=\"wp-block-heading has-text-align-center has-text-color\" style=\"color:#00294b;font-size:25px\"><strong>Documentos y Actividades Acad\u00e9micas<\/strong><\/h2>\n\n\n\n<div style=\"height:4px\" aria-hidden=\"true\" class=\"wp-block-spacer\"><\/div>\n\n\n\n<div class=\"wp-block-columns is-layout-flex wp-container-core-columns-is-layout-8f761849 wp-block-columns-is-layout-flex\">\n<div class=\"wp-block-column is-layout-flow wp-block-column-is-layout-flow\">\n<h3 class=\"wp-block-heading has-text-color\" style=\"color:#0099f6\"><img decoding=\"async\" style=\"float:left; width:25px; height:25px;\" src=\"https:\/\/blogs.ugto.mx\/jornada\/wp-content\/uploads\/sites\/73\/2023\/05\/Azul-mini.png\"><strong style=\"padding-left:5px;\">Inauguraci\u00f3n<\/strong><\/h3>\n\n\n\n<ul class=\"wp-block-list\">\n<li><a href=\"https:\/\/blogs.ugto.mx\/jornada\/2023\/05\/25\/inauguracion-de-la-primera-jornada-de-educacion-digital\/\" target=\"_blank\" rel=\"noreferrer noopener\">Inauguraci\u00f3n de la Jornada de Educaci\u00f3n Digital<\/a><\/li>\n<\/ul>\n\n\n\n<h3 class=\"wp-block-heading has-text-color\" style=\"color:#0099f6\"><img decoding=\"async\" style=\"float:left; width:25px; height:25px;\" src=\"https:\/\/blogs.ugto.mx\/jornada\/wp-content\/uploads\/sites\/73\/2023\/05\/Azul-mini.png\"><strong style=\"padding-left:5px;\">Conferencia magistral<\/strong><\/h3>\n\n\n\n<ul class=\"wp-block-list\">\n<li><a href=\"https:\/\/blogs.ugto.mx\/jornada\/2023\/05\/26\/potenciando-la-docencia-universitaria-con-inteligencia-artificial-herramientas-y-estrategias-innovadoras\/\" target=\"_blank\" rel=\"noreferrer noopener\">Potenciando la docencia universitaria con inteligencia artificial: herramientas y estrategias<\/a><\/li>\n<\/ul>\n\n\n\n<div class=\"wp-block-columns is-layout-flex wp-container-core-columns-is-layout-8f761849 wp-block-columns-is-layout-flex\">\n<div class=\"wp-block-column is-layout-flow wp-block-column-is-layout-flow\">\n<h3 class=\"wp-block-heading has-text-color\" style=\"color:#0099f6\"><img decoding=\"async\" style=\"float:left; width:25px; height:25px;\" src=\"https:\/\/blogs.ugto.mx\/jornada\/wp-content\/uploads\/sites\/73\/2023\/05\/Azul-mini.png\"><strong style=\"font-family: -apple-system, system-ui, BlinkMacSystemFont, &quot;Segoe UI&quot;, Helvetica, Arial, sans-serif, &quot;Apple Color Emoji&quot;, &quot;Segoe UI Emoji&quot;, &quot;Segoe UI Symbol&quot;; padding-left: 5px;\">Conversatorios<\/strong><\/h3>\n\n\n\n<ul class=\"wp-block-list\">\n<li class=\"liSpace\"><a href=\"http:\/\/blogs.ugto.mx\/jornada\/2023\/05\/24\/la-educacion-en-una-sociedad-digital-y-su-relacion-con-las-teorias-del-aprendizaje\/\" target=\"_blank\" rel=\"noreferrer noopener\">La educaci\u00f3n en una sociedad digital y su relaci\u00f3n con las teor\u00edas del aprendizaje<\/a><\/li>\n\n\n\n<li class=\"liSpace\"><a href=\"https:\/\/blogs.ugto.mx\/jornada\/2023\/05\/24\/aprendizaje-autogestivo-y-automatizado\/\" target=\"_blank\" rel=\"noreferrer noopener\">Aprendizaje autogestivo y automatizado<\/a><\/li>\n<\/ul>\n\n\n\n<h3 class=\"wp-block-heading has-text-color\" style=\"color:#0099f6\"><img decoding=\"async\" style=\"float:left; width:25px; height:25px;\" src=\"https:\/\/blogs.ugto.mx\/jornada\/wp-content\/uploads\/sites\/73\/2023\/05\/Azul-mini.png\"><strong style=\"font-family: -apple-system, system-ui, BlinkMacSystemFont, &quot;Segoe UI&quot;, Helvetica, Arial, sans-serif, &quot;Apple Color Emoji&quot;, &quot;Segoe UI Emoji&quot;, &quot;Segoe UI Symbol&quot;; padding-left: 4px;\">Libro<\/strong><\/h3>\n\n\n\n<ul class=\"wp-block-list\">\n<li><a href=\"https:\/\/blogs.ugto.mx\/jornada\/2023\/05\/24\/perspectivas-y-horizontes-de-la-educacion-digital-en-la-universidad-de-guanajuato\/\" target=\"_blank\" rel=\"noreferrer noopener\">Presentaci\u00f3n del libro<\/a><\/li>\n\n\n\n<li>Acceso al libro <em><a href=\"https:\/\/blogs.ugto.mx\/jornada\/2023\/05\/24\/perspectivas-y-horizontes-de-la-educacion-digital-en-la-universidad-de-guanajuato\/#libro\" target=\"_blank\" rel=\"noreferrer noopener\">Perspectivas y horizontes de la educaci\u00f3n digital en la Universidad de Guanajuato<\/a><\/em><\/li>\n<\/ul>\n\n\n\n<h3 class=\"wp-block-heading has-text-color\" style=\"color:#0099f6\"><img decoding=\"async\" style=\"float:left; width:25px; height:25px;\" src=\"https:\/\/blogs.ugto.mx\/jornada\/wp-content\/uploads\/sites\/73\/2023\/05\/Azul-mini.png\"><strong style=\"padding-left:5px;\">Documentos Acad\u00e9micos<\/strong><\/h3>\n\n\n\n<ul class=\"wp-block-list\">\n<li><a href=\"https:\/\/blogs.ugto.mx\/jornada\/category\/documentos-academicos\/\" target=\"_blank\" rel=\"noreferrer noopener\">Ensayos Destacados sobre Teor\u00edas del Aprendizaje y Ense\u00f1anza Digital en el Contexto de la Educaci\u00f3n en una Sociedad Digital<\/a><\/li>\n<\/ul>\n\n\n\n<h3 class=\"wp-block-heading has-text-color\" style=\"color:#0099f6\"><img decoding=\"async\" style=\"float:left; width:25px; height:25px;\" src=\"https:\/\/blogs.ugto.mx\/jornada\/wp-content\/uploads\/sites\/73\/2023\/05\/Azul-mini.png\"><strong style=\"font-family: -apple-system, system-ui, BlinkMacSystemFont, &quot;Segoe UI&quot;, Helvetica, Arial, sans-serif, &quot;Apple Color Emoji&quot;, &quot;Segoe UI Emoji&quot;, &quot;Segoe UI Symbol&quot;; padding-left: 5px;\">Experiencias de aprendizaje<\/strong><\/h3>\n\n\n\n<ul class=\"wp-block-list\">\n<li><a href=\"https:\/\/blogs.ugto.mx\/jornada\/2023\/05\/24\/experiencias-de-aprendizaje-de-acceso-abierto\/\" target=\"_blank\" rel=\"noreferrer noopener\">Cat\u00e1logo de experiencias de aprendizaje de acceso abierto<\/a><\/li>\n<\/ul>\n\n\n\n<h3 class=\"wp-block-heading has-text-color\" style=\"color:#0099f6\"><img decoding=\"async\" style=\"float:left; width:25px; height:25px;\" src=\"https:\/\/blogs.ugto.mx\/jornada\/wp-content\/uploads\/sites\/73\/2023\/05\/Azul-mini.png\"><strong style=\"font-family: -apple-system, system-ui, BlinkMacSystemFont, &quot;Segoe UI&quot;, Helvetica, Arial, sans-serif, &quot;Apple Color Emoji&quot;, &quot;Segoe UI Emoji&quot;, &quot;Segoe UI Symbol&quot;; padding-left: 5px;\">Clausura<\/strong><\/h3>\n\n\n\n<ul class=\"wp-block-list\">\n<li><a href=\"https:\/\/blogs.ugto.mx\/jornada\/2023\/05\/24\/clausura-de-la-primera-jornada-de-educacion-digital\/\" target=\"_blank\" rel=\"noreferrer noopener\">Clausura de la Jornada de Educaci\u00f3n Digital<\/a><\/li>\n<\/ul>\n<\/div>\n<\/div>\n<\/div>\n\n\n\n<div class=\"wp-block-column is-layout-flow wp-block-column-is-layout-flow\">\n<h3 class=\"wp-block-heading has-text-color\" style=\"color:#0099f6\"><img decoding=\"async\" style=\"float:left; width:25px; height:25px;\" src=\"https:\/\/blogs.ugto.mx\/jornada\/wp-content\/uploads\/sites\/73\/2023\/05\/Azul-mini.png\"> <strong style=\"padding-left:5px;\">Ponencias<\/strong><\/h3>\n\n\n\n<ul class=\"liSpace wp-block-list\">\n<li class=\"liSpace\"><a href=\"https:\/\/blogs.ugto.mx\/jornada\/2023\/05\/23\/ventajas-y-retos-de-la-creacion-de-una-licenciatura-en-derecho-virtual-emprendiendo-una-nueva-forma-de-aprender\/\" target=\"_blank\" rel=\"noreferrer noopener\" style=\"padding-top:2px;\">Ventajas y retos de la creaci\u00f3n de una licenciatura en derecho virtual, emprendiendo una nueva forma de aprender<\/a><\/li>\n\n\n\n<li class=\"liSpace\"><a href=\"https:\/\/blogs.ugto.mx\/jornada\/2023\/05\/23\/laboratorios-virtuales-en-el-nivel-medio-superior\/\" target=\"_blank\" rel=\"noreferrer noopener\" style=\"padding-buttom:3px;\">Laboratorios virtuales en el nivel medio superior<\/a><\/li>\n\n\n\n<li class=\"liSpace\"><a href=\"https:\/\/blogs.ugto.mx\/jornada\/2023\/05\/23\/el-papel-de-la-tecnologia-en-el-futuro-de-la-ensenanza-y-aprendizaje-de-la-arquitectura-en-un-entorno-digital\/\" target=\"_blank\" rel=\"noreferrer noopener\">El papel de la tecnolog\u00eda en el futuro de la ense\u00f1anza y aprendizaje de la Arquitectura en un entorno digital<\/a><\/li>\n\n\n\n<li class=\"liSpace\"><a href=\"https:\/\/blogs.ugto.mx\/jornada\/2023\/05\/23\/innovaciones-en-la-ensenanza-del-analisis-de-costos-a-partir-de-las-tendencias-digitales-en-el-campo-profesional\/\" target=\"_blank\" rel=\"noreferrer noopener\">Innovaciones en la ense\u00f1anza del an\u00e1lisis de costos a partir de las tendencias digitales en el campo profesional<\/a><\/li>\n\n\n\n<li class=\"liSpace\"><a href=\"https:\/\/blogs.ugto.mx\/jornada\/2023\/05\/23\/herramientas-digitales-para-la-ensenanza-futura-de-la-investigacion-de-arquitectura\/\" target=\"_blank\" rel=\"noreferrer noopener\">Herramientas digitales para la ense\u00f1anza futura de la investigaci\u00f3n de Arquitectura<\/a><\/li>\n\n\n\n<li class=\"liSpace\"><a href=\"https:\/\/blogs.ugto.mx\/jornada\/2023\/05\/23\/evaluacion-y-retroalimentacion-automatizadas-en-la-educacion-virtual-beneficios-y-desafios\/\" target=\"_blank\" rel=\"noreferrer noopener\">Evaluaci\u00f3n y retroalimentaci\u00f3n automatizadas en la educaci\u00f3n virtual: beneficios y desaf\u00edos<\/a><\/li>\n\n\n\n<li class=\"liSpace\"><a href=\"https:\/\/blogs.ugto.mx\/jornada\/2023\/05\/23\/la-aplicacion-de-chat-gpt-en-la-correccion-de-estilo-de-materiales-didacticos-digitales\/\" target=\"_blank\" rel=\"noreferrer noopener\">La aplicaci\u00f3n del Chat GPT en la correcci\u00f3n de estilo de materiales did\u00e1cticos digitales<\/a> <\/li>\n\n\n\n<li class=\"liSpace\"><a href=\"https:\/\/blogs.ugto.mx\/jornada\/2023\/05\/23\/uso-del-feedback-educativo-como-estrategia-de-evaluacion-innovadora-aplicada-a-la-uda-mercadotecnia-global-y-digital-en-salud-de-la-licenciatura-en-ciencias-de-la-actividad-fisica-y-salud-de-la-ug\/\" target=\"_blank\" rel=\"noreferrer noopener\">Uso del <em>feedback<\/em> educativo como estrategia de evaluaci\u00f3n innovadora aplicada a la UDA Mercadotecnia global y digital en salud de la Licenciatura en Ciencias de la Actividad F\u00edsica y Salud de la UG<\/a><\/li>\n<\/ul>\n<\/div>\n<\/div>\n","protected":false},"excerpt":{"rendered":"<p>Documentos y Actividades Acad\u00e9micas Inauguraci\u00f3n Conferencia magistral Conversatorios Libro Documentos Acad\u00e9micos Experiencias de aprendizaje Clausura Ponencias<\/p>\n","protected":false},"author":1,"featured_media":0,"parent":0,"menu_order":0,"comment_status":"closed","ping_status":"closed","template":"","meta":{"_acf_changed":false,"_crdt_document":"","episode_type":"","audio_file":"","podmotor_file_id":"","podmotor_episode_id":"","cover_image":"","cover_image_id":"","duration":"","filesize":"","filesize_raw":"","date_recorded":"","explicit":"","block":"","itunes_episode_number":"","itunes_title":"","itunes_season_number":"","itunes_episode_type":"","footnotes":""},"class_list":["post-235","page","type-page","status-publish"],"acf":[],"_links":{"self":[{"href":"https:\/\/blogs.ugto.mx\/jornada\/wp-json\/wp\/v2\/pages\/235","targetHints":{"allow":["GET"]}}],"collection":[{"href":"https:\/\/blogs.ugto.mx\/jornada\/wp-json\/wp\/v2\/pages"}],"about":[{"href":"https:\/\/blogs.ugto.mx\/jornada\/wp-json\/wp\/v2\/types\/page"}],"author":[{"embeddable":true,"href":"https:\/\/blogs.ugto.mx\/jornada\/wp-json\/wp\/v2\/users\/1"}],"replies":[{"embeddable":true,"href":"https:\/\/blogs.ugto.mx\/jornada\/wp-json\/wp\/v2\/comments?post=235"}],"version-history":[{"count":96,"href":"https:\/\/blogs.ugto.mx\/jornada\/wp-json\/wp\/v2\/pages\/235\/revisions"}],"predecessor-version":[{"id":755,"href":"https:\/\/blogs.ugto.mx\/jornada\/wp-json\/wp\/v2\/pages\/235\/revisions\/755"}],"wp:attachment":[{"href":"https:\/\/blogs.ugto.mx\/jornada\/wp-json\/wp\/v2\/media?parent=235"}],"curies":[{"name":"wp","href":"https:\/\/api.w.org\/{rel}","templated":true}]}}