{"id":383,"date":"2023-05-19T17:27:38","date_gmt":"2023-05-19T17:27:38","guid":{"rendered":"https:\/\/blogs.ugto.mx\/jornada\/?page_id=383"},"modified":"2023-05-24T17:10:06","modified_gmt":"2023-05-24T17:10:06","slug":"inicio","status":"publish","type":"page","link":"https:\/\/blogs.ugto.mx\/jornada\/inicio\/","title":{"rendered":"Inicio"},"content":{"rendered":"\n<div class=\"wp-block-cover aligncenter\" style=\"min-height:263px;aspect-ratio:unset;\"><span aria-hidden=\"true\" class=\"wp-block-cover__background has-background-dim-20 has-background-dim\"><\/span><img decoding=\"async\" class=\"wp-block-cover__image-background wp-image-57\" alt=\"\" src=\"data:image\/gif;base64,R0lGODlhAQABAIAAAAAAAP\/\/\/yH5BAEAAAAALAAAAAABAAEAAAIBRAA7\" data-src=\"https:\/\/blogs.ugto.mx\/jornada\/wp-content\/uploads\/sites\/73\/2023\/05\/Banner-1024x256.png\" style=\"object-position:44% 56%\" data-object-fit=\"cover\" data-object-position=\"44% 56%\"\/><noscript><img loading=\"lazy\" decoding=\"async\" width=\"1024\" height=\"256\" class=\"wp-block-cover__image-background wp-image-57\" alt=\"\" src=\"https:\/\/blogs.ugto.mx\/jornada\/wp-content\/uploads\/sites\/73\/2023\/05\/Banner-1024x256.png\" style=\"object-position:44% 56%\" data-object-fit=\"cover\" data-object-position=\"44% 56%\"\/><\/noscript><div class=\"wp-block-cover__inner-container is-layout-flow wp-block-cover-is-layout-flow\">\n<p class=\"has-text-align-center has-large-font-size wp-block-paragraph\"><br><strong>Explorando el futuro de la educaci\u00f3n digital<\/strong><\/p>\n\n\n\n<p class=\"has-text-align-center wp-block-paragraph\" style=\"font-size:23px\"><strong>Mayo 26, 2023<\/strong><\/p>\n<\/div><\/div>\n\n\n\n<p class=\"wp-block-paragraph\"><\/p>\n\n\n\n<h2 class=\"wp-block-heading has-text-align-center has-text-color\" style=\"color:#0099f6;font-size:26px\"><strong>Acerca del evento<\/strong><\/h2>\n\n\n\n<p class=\"wp-block-paragraph\">Esta es una oportunidad \u00fanica para conectar con expertos, estudiantes y egresados de la Maestr\u00eda en Docencia Universitaria para la Educaci\u00f3n Digital del Campus Digital, y aprender sobre las \u00faltimas tendencias y experiencias en el campo de la educaci\u00f3n digital. La Jornada de Educaci\u00f3n Digital tiene como objetivo promover el di\u00e1logo, la discusi\u00f3n y la difusi\u00f3n de conocimientos en este \u00e1mbito, as\u00ed como compartir experiencias acad\u00e9micas y contribuciones de nuestro alumnado y egresados.<\/p>\n\n\n\n<h2 class=\"wp-block-heading has-text-align-center has-text-color\" style=\"color:#0099f6;font-size:26px\"><strong>Programa<\/strong><\/h2>\n\n\n\n<p class=\"wp-block-paragraph\">Descubre el completo programa de actividades que hemos preparado para ti. Desde conferencias, conversatorios, presentaciones de ponencias, hasta la presentaci\u00f3n de un libro. Cada actividad se ha dise\u00f1ado para proporcionarte una visi\u00f3n enriquecedora del futuro de la educaci\u00f3n digital.<\/p>\n\n\n\n<figure class=\"wp-block-table is-style-stripes\"><table><thead><tr><th class=\"has-text-align-center\" data-align=\"center\"><strong>Actividad<\/strong><\/th><th class=\"has-text-align-center\" data-align=\"center\"><strong>Inicio<\/strong><\/th><\/tr><\/thead><tbody><tr><td class=\"has-text-align-center\" data-align=\"center\">Inauguraci\u00f3n<\/td><td class=\"has-text-align-center\" data-align=\"center\">9:00<\/td><\/tr><tr><td class=\"has-text-align-center\" data-align=\"center\">Conferencia Potenciando la docencia universitaria <br>con inteligencia artificial: herramientas y estrategias<\/td><td class=\"has-text-align-center\" data-align=\"center\">9:20<\/td><\/tr><tr><td class=\"has-text-align-center\" data-align=\"center\">Conversatorio La educaci\u00f3n en una sociedad digital <br>y su relaci\u00f3n con las teor\u00edas del aprendizaje<\/td><td class=\"has-text-align-center\" data-align=\"center\">10:20<\/td><\/tr><tr><td class=\"has-text-align-center\" data-align=\"center\">Primera presentaci\u00f3n de ponencias <br>El futuro de la educaci\u00f3n digital<\/td><td class=\"has-text-align-center\" data-align=\"center\">11:20<\/td><\/tr><tr><td class=\"has-text-align-center\" data-align=\"center\">Receso<\/td><td class=\"has-text-align-center\" data-align=\"center\">12:20<\/td><\/tr><tr><td class=\"has-text-align-center\" data-align=\"center\">Conversatorio Aprendizaje autogestivo y automatizado<\/td><td class=\"has-text-align-center\" data-align=\"center\">13:20<\/td><\/tr><tr><td class=\"has-text-align-center\" data-align=\"center\">Segunda presentaci\u00f3n de ponencias <br>El futuro de la educaci\u00f3n digital<\/td><td class=\"has-text-align-center\" data-align=\"center\">14:20<\/td><\/tr><tr><td class=\"has-text-align-center\" data-align=\"center\">Presentaci\u00f3n de libro Perspectivas y horizontes <br>de la educaci\u00f3n digital en la Universidad de Guanajuato<\/td><td class=\"has-text-align-center\" data-align=\"center\">15:20<\/td><\/tr><tr><td class=\"has-text-align-center\" data-align=\"center\">Clausura<\/td><td class=\"has-text-align-center\" data-align=\"center\">16:20<\/td><\/tr><\/tbody><\/table><\/figure>\n\n\n\n<h2 class=\"wp-block-heading has-text-align-center has-text-color\" id=\"cp\" style=\"color:#0099f6;font-size:26px\"><strong>\u00bfC\u00f3mo participar?<\/strong><\/h2>\n\n\n\n<p class=\"wp-block-paragraph\">El evento ser\u00e1 completamente en l\u00ednea y se llevar\u00e1 a cabo en la plataforma de educaci\u00f3n continua del Campus Digital. Las actividades ser\u00e1n transmitidas a trav\u00e9s de Zoom. Reg\u00edstrate para obtener tu acceso siguiendo las instrucciones a continuaci\u00f3n:<\/p>\n\n\n<div class=\"h5p-iframe-wrapper\"><iframe id=\"h5p-iframe-2\" class=\"h5p-iframe\" data-content-id=\"2\" style=\"height:1px\" src=\"about:blank\" frameBorder=\"0\" scrolling=\"no\" title=\"Registros\"><\/iframe><\/div>\n\n\n\n<p class=\"wp-block-paragraph\"><\/p>\n\n\n\n<h2 class=\"wp-block-heading has-text-align-center has-text-color\" style=\"color:#0099f6;font-size:26px\"><strong>Preguntas frecuentes<\/strong><\/h2>\n\n\n<div class=\"h5p-iframe-wrapper\"><iframe id=\"h5p-iframe-1\" class=\"h5p-iframe\" data-content-id=\"1\" style=\"height:1px\" src=\"about:blank\" frameBorder=\"0\" scrolling=\"no\" title=\"FAQ Jornada\"><\/iframe><\/div>\n\n\n\n<p class=\"wp-block-paragraph\"><\/p>\n","protected":false},"excerpt":{"rendered":"<p>Acerca del evento Esta es una oportunidad \u00fanica para conectar con expertos, estudiantes y egresados de la Maestr\u00eda en Docencia Universitaria para la Educaci\u00f3n Digital del Campus Digital, y aprender sobre las \u00faltimas tendencias y experiencias en el campo de la educaci\u00f3n digital. La Jornada de Educaci\u00f3n Digital tiene como objetivo promover el di\u00e1logo, la &#8230; <a title=\"Inicio\" class=\"read-more\" href=\"https:\/\/blogs.ugto.mx\/jornada\/inicio\/\" aria-label=\"Leer m\u00e1s sobre Inicio\">Leer m\u00e1s<\/a><\/p>\n","protected":false},"author":1,"featured_media":0,"parent":0,"menu_order":0,"comment_status":"closed","ping_status":"closed","template":"","meta":{"_acf_changed":false,"_crdt_document":"","episode_type":"","audio_file":"","podmotor_file_id":"","podmotor_episode_id":"","cover_image":"","cover_image_id":"","duration":"","filesize":"","filesize_raw":"","date_recorded":"","explicit":"","block":"","itunes_episode_number":"","itunes_title":"","itunes_season_number":"","itunes_episode_type":"","footnotes":""},"class_list":["post-383","page","type-page","status-publish"],"acf":[],"_links":{"self":[{"href":"https:\/\/blogs.ugto.mx\/jornada\/wp-json\/wp\/v2\/pages\/383","targetHints":{"allow":["GET"]}}],"collection":[{"href":"https:\/\/blogs.ugto.mx\/jornada\/wp-json\/wp\/v2\/pages"}],"about":[{"href":"https:\/\/blogs.ugto.mx\/jornada\/wp-json\/wp\/v2\/types\/page"}],"author":[{"embeddable":true,"href":"https:\/\/blogs.ugto.mx\/jornada\/wp-json\/wp\/v2\/users\/1"}],"replies":[{"embeddable":true,"href":"https:\/\/blogs.ugto.mx\/jornada\/wp-json\/wp\/v2\/comments?post=383"}],"version-history":[{"count":24,"href":"https:\/\/blogs.ugto.mx\/jornada\/wp-json\/wp\/v2\/pages\/383\/revisions"}],"predecessor-version":[{"id":588,"href":"https:\/\/blogs.ugto.mx\/jornada\/wp-json\/wp\/v2\/pages\/383\/revisions\/588"}],"wp:attachment":[{"href":"https:\/\/blogs.ugto.mx\/jornada\/wp-json\/wp\/v2\/media?parent=383"}],"curies":[{"name":"wp","href":"https:\/\/api.w.org\/{rel}","templated":true}]}}