{"id":60,"date":"2021-09-02T18:45:06","date_gmt":"2021-09-02T18:45:06","guid":{"rendered":"https:\/\/blogs.ugto.mx\/mdued\/?page_id=60"},"modified":"2023-09-12T21:28:02","modified_gmt":"2023-09-12T21:28:02","slug":"contenidos-didacticos-digitales-del-programa-de-posgrado","status":"publish","type":"page","link":"https:\/\/blogs.ugto.mx\/mdued\/","title":{"rendered":"Universidad de Guanajuato"},"content":{"rendered":"\n<div class=\"wp-block-cover is-light\" style=\"min-height:317px;aspect-ratio:unset;\"><span aria-hidden=\"true\" class=\"wp-block-cover__background has-cyan-bluish-gray-background-color has-background-dim-10 has-background-dim\"><\/span><img decoding=\"async\" class=\"wp-block-cover__image-background wp-image-61\" alt=\"\" src=\"data:image\/gif;base64,R0lGODlhAQABAIAAAAAAAP\/\/\/yH5BAEAAAAALAAAAAABAAEAAAIBRAA7\" data-src=\"https:\/\/blogs.ugto.mx\/mdued\/wp-content\/uploads\/sites\/66\/2021\/09\/qyfwgvnjqsa.jpg\" style=\"object-position:51% 64%\" data-object-fit=\"cover\" data-object-position=\"51% 64%\"\/><noscript><img loading=\"lazy\" decoding=\"async\" width=\"1600\" height=\"1067\" class=\"wp-block-cover__image-background wp-image-61\" alt=\"\" src=\"https:\/\/blogs.ugto.mx\/mdued\/wp-content\/uploads\/sites\/66\/2021\/09\/qyfwgvnjqsa.jpg\" style=\"object-position:51% 64%\" data-object-fit=\"cover\" data-object-position=\"51% 64%\"\/><\/noscript><div class=\"wp-block-cover__inner-container is-layout-flow wp-block-cover-is-layout-flow\">\n<p class=\"has-text-align-left has-white-color has-text-color has-large-font-size wp-block-paragraph\">Contenidos did\u00e1cticos digitales de<br>las unidades de aprendizaje<\/p>\n<\/div><\/div>\n\n\n\n<p class=\"has-medium-font-size wp-block-paragraph\">En este apartado encontrar\u00e1s diversos contenidos did\u00e1cticos asociados a las experiencias educativas que conforman el programa educativo de posgrado.<\/p>\n\n\n\n<div class=\"wp-block-columns is-layout-flex wp-container-core-columns-is-layout-8f761849 wp-block-columns-is-layout-flex\">\n<div class=\"wp-block-column is-layout-flow wp-block-column-is-layout-flow\">\n<h2 class=\"wp-block-heading\">Primera inscripci\u00f3n<\/h2>\n\n\n\n<p class=\"wp-block-paragraph\">1. <a href=\"https:\/\/blogs.ugto.mx\/mdued\/unidad-de-aprendizaje\/educacion-en-una-sociedad-digital\/\" target=\"_blank\" rel=\"noreferrer noopener\">Educaci\u00f3n en una sociedad digital<\/a><\/p>\n\n\n\n<p class=\"wp-block-paragraph\">2. <a href=\"https:\/\/blogs.ugto.mx\/mdued\/unidad-de-aprendizaje\/uda-teorias-del-aprendizaje-y-ensenanza-en-la-era-digital\/\" target=\"_blank\" rel=\"noreferrer noopener\">Teor\u00edas del aprendizaje y ense\u00f1anza en la era digital<\/a><\/p>\n<\/div>\n\n\n\n<div class=\"wp-block-column is-layout-flow wp-block-column-is-layout-flow\">\n<h2 class=\"wp-block-heading\">Segunda inscripci\u00f3n<\/h2>\n\n\n\n<p class=\"wp-block-paragraph\">3. <a href=\"https:\/\/blogs.ugto.mx\/mdued\/unidad-de-aprendizaje\/contexto-social-de-la-educacion-y-aprendizaje-permanente\/\" target=\"_blank\" rel=\"noreferrer noopener\">Contexto social de la educaci\u00f3n y el aprendizaje permanente<\/a><\/p>\n\n\n\n<p class=\"wp-block-paragraph\">4. <a href=\"https:\/\/blogs.ugto.mx\/mdued\/unidad-de-aprendizaje\/taller-de-herramientas-digitales-para-la-ensenanza-con-tecnologia\/\" target=\"_blank\" rel=\"noreferrer noopener\">Taller de herramientas para la ense\u00f1anza con tecnolog\u00eda<\/a><\/p>\n<\/div>\n<\/div>\n\n\n\n<div class=\"wp-block-columns is-layout-flex wp-container-core-columns-is-layout-8f761849 wp-block-columns-is-layout-flex\">\n<div class=\"wp-block-column is-layout-flow wp-block-column-is-layout-flow\">\n<h2 class=\"wp-block-heading\">Tercera inscripci\u00f3n<\/h2>\n\n\n\n<p class=\"wp-block-paragraph\">5. <a href=\"https:\/\/blogs.ugto.mx\/mdued\/unidad-de-aprendizaje\/taller-para-la-creacion-de-contenidos-didacticos-para-la-educacion-digital\/\" target=\"_blank\" rel=\"noreferrer noopener\">Taller para la creaci\u00f3n de contenidos did\u00e1cticos para la educaci\u00f3n digital<\/a><\/p>\n\n\n\n<p class=\"wp-block-paragraph\">6. <a href=\"https:\/\/blogs.ugto.mx\/mdued\/unidad-de-aprendizaje\/asesoria-y-tutoria-con-integracion-de-tecnologias\/\" target=\"_blank\" rel=\"noreferrer noopener\">Asesor\u00eda y tutor\u00eda con la integraci\u00f3n de tecnolog\u00edas<\/a><\/p>\n<\/div>\n\n\n\n<div class=\"wp-block-column is-layout-flow wp-block-column-is-layout-flow\">\n<h2 class=\"wp-block-heading\">Cuarta inscripci\u00f3n<\/h2>\n\n\n\n<p class=\"wp-block-paragraph\">7. <a href=\"https:\/\/blogs.ugto.mx\/mdued\/unidad-de-aprendizaje\/taller-de-sistemas-de-gestion-del-aprendizaje\/\" target=\"_blank\" rel=\"noreferrer noopener\">Taller de sistemas de gesti\u00f3n del aprendizaje<\/a><\/p>\n\n\n\n<p class=\"wp-block-paragraph\">8. <a href=\"https:\/\/blogs.ugto.mx\/mdued\/unidad-de-aprendizaje\/metodos-de-investigacion-de-ensenanza-y-aprendizaje-digital\/\" target=\"_blank\" rel=\"noreferrer noopener\">M\u00e9todos de investigaci\u00f3n y de ense\u00f1anza y aprendizaje digital<\/a><\/p>\n<\/div>\n<\/div>\n\n\n\n<div class=\"wp-block-columns is-layout-flex wp-container-core-columns-is-layout-8f761849 wp-block-columns-is-layout-flex\">\n<div class=\"wp-block-column is-layout-flow wp-block-column-is-layout-flow\">\n<h2 class=\"wp-block-heading\">Quinta inscripci\u00f3n<\/h2>\n\n\n\n<p class=\"wp-block-paragraph\">9. <a href=\"https:\/\/blogs.ugto.mx\/mdued\/unidad-de-aprendizaje\/el-futuro-de-la-educacion-digital\/\" target=\"_blank\" rel=\"noreferrer noopener\">El futuro de la educaci\u00f3n digital<\/a><\/p>\n\n\n\n<p class=\"wp-block-paragraph\">10. <a href=\"https:\/\/blogs.ugto.mx\/mdued\/guia-didactica-proyecto-integrador-para-el-egreso\/\" target=\"_blank\" rel=\"noreferrer noopener\">Proyecto integrador para el egreso<\/a><\/p>\n<\/div>\n\n\n\n<div class=\"wp-block-column is-layout-flow wp-block-column-is-layout-flow\">\n<h2 class=\"wp-block-heading has-text-align-left\">Memorias de la maestr\u00eda<\/h2>\n\n\n\n<p class=\"wp-block-paragraph\"><a href=\"https:\/\/blogs.ugto.mx\/jornada\/\">Trabajos acad\u00e9micos y de investigaci\u00f3n<\/a><\/p>\n<\/div>\n<\/div>\n\n\n\n<h2 class=\"wp-block-heading has-text-align-center\">Enlaces \u00fatiles:<\/h2>\n\n\n\n<p class=\"has-text-align-center wp-block-paragraph\"><a href=\"https:\/\/www.dae.ugto.mx\/Aspirantes\/Default.aspx\" target=\"_blank\" rel=\"noreferrer noopener\">Matric\u00falate en el programa educativo de maestr\u00eda<\/a><br><a href=\"https:\/\/campusdigital.ugto.mx\/\" target=\"_blank\" rel=\"noreferrer noopener\">Plataforma del Campus Digital UG<\/a><br><a href=\"https:\/\/nodo.ugto.mx\/\" target=\"_blank\" rel=\"noreferrer noopener\">Nodo Universitario<\/a><\/p>\n","protected":false},"excerpt":{"rendered":"<p>En este apartado encontrar\u00e1s diversos contenidos did\u00e1cticos asociados a las experiencias educativas que conforman el programa educativo de posgrado. Primera inscripci\u00f3n 1. Educaci\u00f3n en una sociedad digital 2. Teor\u00edas del aprendizaje y ense\u00f1anza en la era digital Segunda inscripci\u00f3n 3. Contexto social de la educaci\u00f3n y el aprendizaje permanente 4. Taller de herramientas para la &#8230; <a title=\"Universidad de Guanajuato\" class=\"read-more\" href=\"https:\/\/blogs.ugto.mx\/mdued\/\" aria-label=\"Leer m\u00e1s sobre Universidad de Guanajuato\">Leer m\u00e1s<\/a><\/p>\n","protected":false},"author":142,"featured_media":0,"parent":0,"menu_order":0,"comment_status":"closed","ping_status":"closed","template":"","meta":{"_acf_changed":false,"_crdt_document":"","episode_type":"","audio_file":"","podmotor_file_id":"","podmotor_episode_id":"","cover_image":"","cover_image_id":"","duration":"","filesize":"","filesize_raw":"","date_recorded":"","explicit":"","block":"","itunes_episode_number":"","itunes_title":"","itunes_season_number":"","itunes_episode_type":"","footnotes":""},"class_list":["post-60","page","type-page","status-publish"],"acf":[],"_links":{"self":[{"href":"https:\/\/blogs.ugto.mx\/mdued\/wp-json\/wp\/v2\/pages\/60","targetHints":{"allow":["GET"]}}],"collection":[{"href":"https:\/\/blogs.ugto.mx\/mdued\/wp-json\/wp\/v2\/pages"}],"about":[{"href":"https:\/\/blogs.ugto.mx\/mdued\/wp-json\/wp\/v2\/types\/page"}],"author":[{"embeddable":true,"href":"https:\/\/blogs.ugto.mx\/mdued\/wp-json\/wp\/v2\/users\/142"}],"replies":[{"embeddable":true,"href":"https:\/\/blogs.ugto.mx\/mdued\/wp-json\/wp\/v2\/comments?post=60"}],"version-history":[{"count":26,"href":"https:\/\/blogs.ugto.mx\/mdued\/wp-json\/wp\/v2\/pages\/60\/revisions"}],"predecessor-version":[{"id":2394,"href":"https:\/\/blogs.ugto.mx\/mdued\/wp-json\/wp\/v2\/pages\/60\/revisions\/2394"}],"wp:attachment":[{"href":"https:\/\/blogs.ugto.mx\/mdued\/wp-json\/wp\/v2\/media?parent=60"}],"curies":[{"name":"wp","href":"https:\/\/api.w.org\/{rel}","templated":true}]}}